{"id":7187,"date":"2018-06-04T13:20:19","date_gmt":"2018-06-04T17:20:19","guid":{"rendered":"https:\/\/progi.com\/nous-joindre\/carriere\/progiacademie\/"},"modified":"2018-07-03T14:07:32","modified_gmt":"2018-07-03T18:07:32","slug":"progiacademie","status":"publish","type":"page","link":"https:\/\/progi.com\/fr\/nous-joindre\/carriere\/progiacademie\/","title":{"rendered":"ProgiAcad\u00e9mie"},"content":{"rendered":"<p><div class=\"fusion-fullwidth fullwidth-box fusion-builder-row-1 fusion-parallax-fixed herobanner nonhundred-percent-fullwidth non-hundred-percent-height-scrolling fusion-equal-height-columns\" style=\"background-color: #212d35;background-image: url(&quot;https:\/\/progi.com\/wp-content\/uploads\/2018\/06\/hero-thinktank-dark.jpg&quot;);background-position: center center;background-repeat: no-repeat;padding-top:110px;padding-right:30px;padding-bottom:110px;padding-left:30px;margin-bottom: 0px;margin-top: 0px;border-width: 0px 0px 0px 0px;border-color:#eae9e9;border-style:solid;-webkit-background-size:cover;-moz-background-size:cover;-o-background-size:cover;background-size:cover;background-attachment:fixed;\" ><div class=\"fusion-builder-row fusion-row\"><div class=\"fusion-layout-column fusion_builder_column fusion-builder-column-0 fusion_builder_column_1_3 1_3 fusion-one-third fusion-column-first\" style=\"width:33.333333333333%;width:calc(33.333333333333% - ( ( 0 ) * 0.33333333333333 ) );margin-right: 0px;margin-top:0px;margin-bottom:0px;\"><div class=\"fusion-column-wrapper fusion-flex-column-wrapper-legacy\" style=\"background-position:center center;background-repeat:no-repeat;-webkit-background-size:cover;-moz-background-size:cover;-o-background-size:cover;background-size:cover;padding: 0px 0px 0px 0px;\"><div class=\"imageframe-align-center\"><span class=\" fusion-imageframe imageframe-none imageframe-1 hover-type-none\"><img width=\"188\" height=\"282\" title=\"ProgiAcademy-white\" src=\"https:\/\/progi.com\/wp-content\/uploads\/2018\/06\/ProgiAcademie-white.png\" class=\"img-responsive wp-image-7632\"\/><\/span><\/div><div class=\"fusion-clearfix\"><\/div><\/div><\/div><div class=\"fusion-layout-column fusion_builder_column fusion-builder-column-1 fusion_builder_column_2_3 2_3 fusion-two-third fusion-column-last\" style=\"width:66.666666666667%;width:calc(66.666666666667% - ( ( 0 ) * 0.66666666666667 ) );margin-top:0px;margin-bottom:0px;\"><div class=\"fusion-column-wrapper fusion-flex-column-wrapper-legacy\" style=\"background-position:left top;background-repeat:no-repeat;-webkit-background-size:cover;-moz-background-size:cover;-o-background-size:cover;background-size:cover;padding: 0px 0px 0px 0px;\"><div class=\"fusion-column-content-centered\"><div class=\"fusion-column-content\"><style type=\"text\/css\"><\/style><div class=\"fusion-title title fusion-title-1 fusion-sep-none fusion-title-text fusion-title-size-one\" style=\"margin-top:0px;margin-right:0px;margin-bottom:31px;margin-left:0px;\"><h1 class=\"title-heading-left fusion-responsive-typography-calculated\" style=\"margin:0;--fontSize:48;line-height:1.4;\">Le programme ProgiAcad\u00e9mie<\/h1><\/div><div class=\"fusion-text fusion-text-1\"><p>ProgiAcad\u00e9mie est un programme offrant des opportunit\u00e9s pour les gens de tous les \u00e2ges d\u00e9butant dans le domaine des T.I. Que tu recherches une opportunit\u00e9 de stage ou un premier emploi avec mentorat, Progi est un bel environnement pour apprendre et \u00e9tirer tes nouveaux muscles T.I.<\/p>\n<\/div><div class=\"fusion-button-wrapper\"><style type=\"text\/css\">.fusion-button.button-1 {border-radius:2px;}<\/style><a class=\"fusion-button button-flat fusion-button-default-size button-default button-1 fusion-button-default-span fusion-button-default-type\" target=\"_self\" title=\"Formulaire de candidature\" href=\"https:\/\/progi.com\/fr\/nous-joindre\/carriere\/candidature\/\"><i class=\"fa-envelope fas button-icon-left\" aria-hidden=\"true\"><\/i><span class=\"fusion-button-text\">Applique maintenant!<\/span><\/a><\/div><\/div><\/div><div class=\"fusion-clearfix\"><\/div><\/div><\/div><\/div><\/div><div class=\"fusion-fullwidth fullwidth-box fusion-builder-row-2 nonhundred-percent-fullwidth non-hundred-percent-height-scrolling\" style=\"background-color: #f0f3f6;background-position: center center;background-repeat: no-repeat;padding-top:50px;padding-right:30px;padding-bottom:30px;padding-left:30px;margin-bottom: 0px;margin-top: 0px;border-width: 0px 0px 0px 0px;border-color:#eae9e9;border-style:solid;\" ><div class=\"fusion-builder-row fusion-row\"><div class=\"fusion-layout-column fusion_builder_column fusion-builder-column-2 fusion_builder_column_1_1 1_1 fusion-one-full fusion-column-first fusion-column-last\" style=\"margin-top:0px;margin-bottom:0px;\"><div class=\"fusion-column-wrapper fusion-flex-column-wrapper-legacy\" style=\"background-position:left top;background-repeat:no-repeat;-webkit-background-size:cover;-moz-background-size:cover;-o-background-size:cover;background-size:cover;padding: 0px 0px 0px 0px;\"><div class=\"fusion-text fusion-text-2\"><p style=\"text-align: center;\"><em>Si tu n&rsquo;as pas explor\u00e9 nos pages\u00a0<strong><a href=\"https:\/\/progi.com\/fr\/nous-joindre\/carriere\/\">Carri\u00e8re<\/a><\/strong>\u00a0et\u00a0<strong><a href=\"https:\/\/progi.com\/fr\/a-propos\/qui-sommes-nous\/\">Milieu de vie<\/a><\/strong>, fais-y un saut et d\u00e9couvre pourquoi Progi est une belle place pour toi.<\/em><\/p>\n<\/div><div class=\"fusion-clearfix\"><\/div><\/div><\/div><\/div><\/div><\/p>\n","protected":false},"excerpt":{"rendered":"","protected":false},"author":2,"featured_media":0,"parent":949,"menu_order":0,"comment_status":"closed","ping_status":"closed","template":"100-width.php","meta":[],"yoast_head":"<!-- This site is optimized with the Yoast SEO plugin v16.5 - https:\/\/yoast.com\/wordpress\/plugins\/seo\/ -->\n<title>ProgiAcad\u00e9mie : Programme de mentorat et de stage - Progi<\/title>\n<meta name=\"description\" content=\"Tu d\u00e9butes une carri\u00e8re en T.I.? Que tu recherches une opportunit\u00e9 de stage ou un premier emploi avec mentorat, notre programme ProgiAcad\u00e9mie est pour toi!\" \/>\n<meta name=\"robots\" content=\"index, follow, max-snippet:-1, max-image-preview:large, max-video-preview:-1\" \/>\n<link rel=\"canonical\" href=\"https:\/\/progi.com\/fr\/nous-joindre\/carriere\/progiacademie\/\" \/>\n<meta property=\"og:locale\" content=\"fr_CA\" \/>\n<meta property=\"og:type\" content=\"article\" \/>\n<meta property=\"og:title\" content=\"ProgiAcad\u00e9mie : Programme de mentorat et de stage - Progi\" \/>\n<meta property=\"og:description\" content=\"Tu d\u00e9butes une carri\u00e8re en T.I.? Que tu recherches une opportunit\u00e9 de stage ou un premier emploi avec mentorat, notre programme ProgiAcad\u00e9mie est pour toi!\" \/>\n<meta property=\"og:url\" content=\"https:\/\/progi.com\/fr\/nous-joindre\/carriere\/progiacademie\/\" \/>\n<meta property=\"og:site_name\" content=\"Progi\" \/>\n<meta property=\"article:modified_time\" content=\"2018-07-03T18:07:32+00:00\" \/>\n<meta name=\"twitter:card\" content=\"summary_large_image\" \/>\n<meta name=\"twitter:label1\" content=\"Estimation du temps de lecture\" \/>\n\t<meta name=\"twitter:data1\" content=\"4 minutes\" \/>\n<script type=\"application\/ld+json\" class=\"yoast-schema-graph\">{\"@context\":\"https:\/\/schema.org\",\"@graph\":[{\"@type\":\"WebSite\",\"@id\":\"https:\/\/progi.com\/en\/#website\",\"url\":\"https:\/\/progi.com\/en\/\",\"name\":\"Progi\",\"description\":\"Solutions digitales pour l&#039;assurance et l&#039;auto\",\"potentialAction\":[{\"@type\":\"SearchAction\",\"target\":\"https:\/\/progi.com\/en\/?s={search_term_string}\",\"query-input\":\"required name=search_term_string\"}],\"inLanguage\":\"fr-CA\"},{\"@type\":\"WebPage\",\"@id\":\"https:\/\/progi.com\/fr\/nous-joindre\/carriere\/progiacademie\/#webpage\",\"url\":\"https:\/\/progi.com\/fr\/nous-joindre\/carriere\/progiacademie\/\",\"name\":\"ProgiAcad\\u00e9mie : Programme de mentorat et de stage - Progi\",\"isPartOf\":{\"@id\":\"https:\/\/progi.com\/en\/#website\"},\"datePublished\":\"2018-06-04T17:20:19+00:00\",\"dateModified\":\"2018-07-03T18:07:32+00:00\",\"description\":\"Tu d\\u00e9butes une carri\\u00e8re en T.I.? Que tu recherches une opportunit\\u00e9 de stage ou un premier emploi avec mentorat, notre programme ProgiAcad\\u00e9mie est pour toi!\",\"breadcrumb\":{\"@id\":\"https:\/\/progi.com\/fr\/nous-joindre\/carriere\/progiacademie\/#breadcrumb\"},\"inLanguage\":\"fr-CA\",\"potentialAction\":[{\"@type\":\"ReadAction\",\"target\":[\"https:\/\/progi.com\/fr\/nous-joindre\/carriere\/progiacademie\/\"]}]},{\"@type\":\"BreadcrumbList\",\"@id\":\"https:\/\/progi.com\/fr\/nous-joindre\/carriere\/progiacademie\/#breadcrumb\",\"itemListElement\":[{\"@type\":\"ListItem\",\"position\":1,\"name\":\"Home\",\"item\":\"https:\/\/progi.com\/fr\/\"},{\"@type\":\"ListItem\",\"position\":2,\"name\":\"Nous joindre\",\"item\":\"https:\/\/progi.com\/fr\/nous-joindre\/\"},{\"@type\":\"ListItem\",\"position\":3,\"name\":\"Carri\\u00e8re : Faites partie de notre \\u00e9quipe\",\"item\":\"https:\/\/progi.com\/fr\/nous-joindre\/carriere\/\"},{\"@type\":\"ListItem\",\"position\":4,\"name\":\"ProgiAcad\\u00e9mie\"}]}]}<\/script>\n<!-- \/ Yoast SEO plugin. -->","_links":{"self":[{"href":"https:\/\/progi.com\/fr\/wp-json\/wp\/v2\/pages\/7187"}],"collection":[{"href":"https:\/\/progi.com\/fr\/wp-json\/wp\/v2\/pages"}],"about":[{"href":"https:\/\/progi.com\/fr\/wp-json\/wp\/v2\/types\/page"}],"author":[{"embeddable":true,"href":"https:\/\/progi.com\/fr\/wp-json\/wp\/v2\/users\/2"}],"replies":[{"embeddable":true,"href":"https:\/\/progi.com\/fr\/wp-json\/wp\/v2\/comments?post=7187"}],"version-history":[{"count":19,"href":"https:\/\/progi.com\/fr\/wp-json\/wp\/v2\/pages\/7187\/revisions"}],"predecessor-version":[{"id":7442,"href":"https:\/\/progi.com\/fr\/wp-json\/wp\/v2\/pages\/7187\/revisions\/7442"}],"up":[{"embeddable":true,"href":"https:\/\/progi.com\/fr\/wp-json\/wp\/v2\/pages\/949"}],"wp:attachment":[{"href":"https:\/\/progi.com\/fr\/wp-json\/wp\/v2\/media?parent=7187"}],"curies":[{"name":"wp","href":"https:\/\/api.w.org\/{rel}","templated":true}]}}