{"id":4503,"date":"2017-07-11T08:52:36","date_gmt":"2017-07-11T12:52:36","guid":{"rendered":"https:\/\/progi.com\/fr\/?page_id=4503"},"modified":"2021-05-28T14:54:16","modified_gmt":"2021-05-28T18:54:16","slug":"demander-une-demo","status":"publish","type":"page","link":"https:\/\/progi.com\/fr\/nous-joindre\/demander-une-demo\/","title":{"rendered":"Demander une d\u00e9mo"},"content":{"rendered":"<div class=\"fusion-fullwidth fullwidth-box fusion-builder-row-1 fusion-parallax-fixed nonhundred-percent-fullwidth non-hundred-percent-height-scrolling\" style=\"background-color: rgba(255,255,255,0);background-image: url(&quot;https:\/\/progi.com\/wp-content\/uploads\/2018\/05\/hero-accountmanager.jpg&quot;);background-position: center center;background-repeat: no-repeat;padding-top:60px;padding-right:30px;padding-bottom:60px;padding-left:30px;margin-bottom: 0px;margin-top: 0px;border-width: 0px 0px 0px 0px;border-color:#eae9e9;border-style:solid;-webkit-background-size:cover;-moz-background-size:cover;-o-background-size:cover;background-size:cover;background-attachment:fixed;\" ><div class=\"fusion-builder-row fusion-row\"><div class=\"fusion-layout-column fusion_builder_column fusion-builder-column-0 fusion_builder_column_1_5 1_5 fusion-one-fifth fusion-column-first\" style=\"width:20%;width:calc(20% - ( ( 4% ) * 0.2 ) );margin-right: 4%;margin-top:0px;margin-bottom:20px;\"><div class=\"fusion-column-wrapper fusion-flex-column-wrapper-legacy\" style=\"background-position:left top;background-repeat:no-repeat;-webkit-background-size:cover;-moz-background-size:cover;-o-background-size:cover;background-size:cover;padding: 0px 0px 0px 0px;\"><div class=\"fusion-clearfix\"><\/div><\/div><\/div><div class=\"fusion-layout-column fusion_builder_column fusion-builder-column-1 fusion_builder_column_3_5 3_5 fusion-three-fifth fusion-column-last\" style=\"width:60%;width:calc(60% - ( ( 4% ) * 0.6 ) );margin-top:0px;margin-bottom:20px;\"><div class=\"fusion-column-wrapper fusion-flex-column-wrapper-legacy\" style=\"background-position:left top;background-repeat:no-repeat;-webkit-background-size:cover;-moz-background-size:cover;-o-background-size:cover;background-size:cover;padding: 0px 0px 0px 0px;\"><style type=\"text\/css\"><\/style><div class=\"fusion-title title fusion-title-1 fusion-sep-none fusion-title-center fusion-title-text fusion-title-size-one whitetext\" style=\"margin-top:0px;margin-right:0px;margin-bottom:31px;margin-left:0px;\"><h1 class=\"title-heading-center fusion-responsive-typography-calculated\" style=\"margin:0;--fontSize:48;line-height:1.4;\">Demander une d\u00e9mo<\/h1><\/div><div class=\"fusion-builder-row fusion-builder-row-inner fusion-row\"><div class=\"fusion-layout-column fusion_builder_column_inner fusion-builder-nested-column-0 fusion_builder_column_inner_1_1 1_1 fusion-one-full fusion-column-first fusion-column-last\" style=\"margin-top:0px;margin-bottom:20px;\"><div class=\"fusion-column-wrapper fusion-flex-column-wrapper-legacy\" style=\"background-position:left top;background-repeat:no-repeat;-webkit-background-size:cover;-moz-background-size:cover;-o-background-size:cover;background-size:cover;background-color:#fddb32;padding: 30px 30px 30px 30px;\"><div class=\"fusion-text fusion-text-1\"><p style=\"text-align: center;\">Nous aimerions avoir la chance de vous pr\u00e9senter les solutions Progi. Compl\u00e9tez le formulaire, et un membre de notre \u00e9quipe sera bient\u00f4t en contact avec vous.<\/p>\n<\/div><div class=\"fusion-clearfix\"><\/div><\/div><\/div><\/div><div class=\"fusion-builder-row fusion-builder-row-inner fusion-row\"><div class=\"fusion-layout-column fusion_builder_column_inner fusion-builder-nested-column-1 fusion_builder_column_inner_1_1 1_1 fusion-one-full fusion-column-first fusion-column-last\" style=\"margin-top:30px;margin-bottom:30px;\"><div class=\"fusion-column-wrapper fusion-flex-column-wrapper-legacy\" style=\"background-position:left top;background-repeat:no-repeat;-webkit-background-size:cover;-moz-background-size:cover;-o-background-size:cover;background-size:cover;background-color:#f0f3f6;border:1px dotted #d7dfe4;padding: 30px 30px 30px 30px;\"><div role=\"form\" class=\"wpcf7\" id=\"wpcf7-f4887-o1\" lang=\"en-US\" dir=\"ltr\">\n<div class=\"screen-reader-response\"><p role=\"status\" aria-live=\"polite\" aria-atomic=\"true\"><\/p> <ul><\/ul><\/div>\n<form action=\"\/fr\/wp-json\/wp\/v2\/pages\/4503#wpcf7-f4887-o1\" method=\"post\" class=\"wpcf7-form init\" novalidate=\"novalidate\" data-status=\"init\">\n<div style=\"display: none;\">\n<input type=\"hidden\" name=\"_wpcf7\" value=\"4887\" \/>\n<input type=\"hidden\" name=\"_wpcf7_version\" value=\"5.4.1\" \/>\n<input type=\"hidden\" name=\"_wpcf7_locale\" value=\"en_US\" \/>\n<input type=\"hidden\" name=\"_wpcf7_unit_tag\" value=\"wpcf7-f4887-o1\" \/>\n<input type=\"hidden\" name=\"_wpcf7_container_post\" value=\"0\" \/>\n<input type=\"hidden\" name=\"_wpcf7_posted_data_hash\" value=\"\" \/>\n<input type=\"hidden\" name=\"_wpcf7_recaptcha_response\" value=\"\" \/>\n<\/div>\n<p><label> Nom *<br \/>\n    <span class=\"wpcf7-form-control-wrap your-name\"><input type=\"text\" name=\"your-name\" value=\"\" size=\"40\" class=\"wpcf7-form-control wpcf7-text wpcf7-validates-as-required\" aria-required=\"true\" aria-invalid=\"false\" \/><\/span> <\/label><\/p>\n<p><label> Entreprise *<br \/>\n    <span class=\"wpcf7-form-control-wrap your-business\"><input type=\"text\" name=\"your-business\" value=\"\" size=\"40\" class=\"wpcf7-form-control wpcf7-text wpcf7-validates-as-required\" aria-required=\"true\" aria-invalid=\"false\" \/><\/span> <\/label><\/p>\n<p><label> Courriel *<br \/>\n    <span class=\"wpcf7-form-control-wrap your-email\"><input type=\"email\" name=\"your-email\" value=\"\" size=\"40\" class=\"wpcf7-form-control wpcf7-text wpcf7-email wpcf7-validates-as-required wpcf7-validates-as-email\" aria-required=\"true\" aria-invalid=\"false\" \/><\/span> <\/label><\/p>\n<p><label> T\u00e9l\u00e9phone<br \/>\n    <span class=\"wpcf7-form-control-wrap your-phone\"><input type=\"text\" name=\"your-phone\" value=\"\" size=\"40\" class=\"wpcf7-form-control wpcf7-text\" aria-invalid=\"false\" \/><\/span> <\/label><\/p>\n<p><label> Je suis int\u00e9ress\u00e9(e) par<br \/>\n<span class=\"wpcf7-form-control-wrap product\"><select name=\"product\" class=\"wpcf7-form-control wpcf7-select\" aria-invalid=\"false\"><option value=\"Tous les produits Progi\">Tous les produits Progi<\/option><option value=\"---\">---<\/option><option value=\"ProgiSync\">ProgiSync<\/option><option value=\"ProgiPlanning\">ProgiPlanning<\/option><option value=\"ProgiLog\">ProgiLog<\/option><option value=\"ProgiFeedback\">ProgiFeedback<\/option><option value=\"---\">---<\/option><option value=\"ProgiBid\">ProgiBid<\/option><option value=\"ProgiCom\">ProgiCom<\/option><option value=\"ProgiPac\">ProgiPac<\/option><option value=\"ProgiPi\u00e8ces\">ProgiPi\u00e8ces<\/option><option value=\"ProgiPix\">ProgiPix<\/option><option value=\"---\">---<\/option><option value=\"Une solution personnalis\u00e9e\">Une solution personnalis\u00e9e<\/option><\/select><\/span><\/label><\/p>\n<p><label>O\u00f9 j'ai entendu parler de Progi ou d'un produit Progi<br \/>\n<span class=\"wpcf7-form-control-wrap source\"><select name=\"source\" class=\"wpcf7-form-control wpcf7-select\" aria-invalid=\"false\"><option value=\"-- Veuillez s\u00e9lectionner --\">-- Veuillez s\u00e9lectionner --<\/option><option value=\"Publicit\u00e9 sur le web\">Publicit\u00e9 sur le web<\/option><option value=\"Publicit\u00e9 dans un magazine\">Publicit\u00e9 dans un magazine<\/option><option value=\"Publicit\u00e9 ou r\u00e9seautage lors d&#039;une conf\u00e9rence\">Publicit\u00e9 ou r\u00e9seautage lors d&#039;une conf\u00e9rence<\/option><option value=\"R\u00e9seaux sociaux\">R\u00e9seaux sociaux<\/option><option value=\"Lien dans une solution Progi\">Lien dans une solution Progi<\/option><option value=\"Recherche web\">Recherche web<\/option><option value=\"Autre\">Autre<\/option><\/select><\/span><\/label><\/p>\n<p><label> Commentaires<br \/>\n    <span class=\"wpcf7-form-control-wrap your-message\"><textarea name=\"your-message\" cols=\"40\" rows=\"10\" class=\"wpcf7-form-control wpcf7-textarea\" aria-invalid=\"false\"><\/textarea><\/span> <\/label><\/p>\n<p><span class=\"wpcf7-form-control-wrap consentement-email\"><span class=\"wpcf7-form-control wpcf7-acceptance\"><span class=\"wpcf7-list-item\"><label><input type=\"checkbox\" name=\"consentement-email\" value=\"1\" aria-invalid=\"false\" \/><span class=\"wpcf7-list-item-label\">J'accepte que l'information soumise soit envoy\u00e9e par courriel \u00e0 un membre de l'\u00e9quipe Progi.<\/span><\/label><\/span><\/span><\/span><\/p>\n<p><input type=\"submit\" value=\"Envoyer\" class=\"wpcf7-form-control wpcf7-submit\" \/><\/p>\n<div class=\"fusion-alert alert custom alert-custom fusion-alert-center wpcf7-response-output fusion-alert-capitalize alert-dismissable\" style=\"border-width:1px;\"><button type=\"button\" class=\"close toggle-alert\" data-dismiss=\"alert\" aria-hidden=\"true\">&times;<\/button><div class=\"fusion-alert-content-wrapper\"><span class=\"fusion-alert-content\"><\/span><\/div><\/div><\/form><\/div><div class=\"fusion-text fusion-text-2\"><p><span style=\"font-size:.8em;\">Ce site est prot\u00e9g\u00e9 par reCAPTCHA. La <a href=\"https:\/\/policies.google.com\/privacy\">politique de confidentialit\u00e9<\/a> et les <a href=\"https:\/\/policies.google.com\/terms\">termes de service<\/a> de Google s&rsquo;appliquent.<\/span><\/p>\n<\/div><div class=\"fusion-clearfix\"><\/div><\/div><\/div><\/div><div class=\"fusion-clearfix\"><\/div><\/div><\/div><\/div><\/div>\n","protected":false},"excerpt":{"rendered":"","protected":false},"author":2,"featured_media":0,"parent":155,"menu_order":0,"comment_status":"closed","ping_status":"closed","template":"100-width.php","meta":[],"yoast_head":"<!-- This site is optimized with the Yoast SEO plugin v16.5 - https:\/\/yoast.com\/wordpress\/plugins\/seo\/ -->\n<title>Demander une d\u00e9mo - Progi<\/title>\n<meta name=\"description\" content=\"Obtenez une d\u00e9mo de nos produits. Vous avez des questions sur les fonctionnalit\u00e9s, la personnalisation ou le prix? Notre \u00e9quipe est pr\u00eate \u00e0 r\u00e9pondre.\" \/>\n<meta name=\"robots\" content=\"index, follow, max-snippet:-1, max-image-preview:large, max-video-preview:-1\" \/>\n<link rel=\"canonical\" href=\"https:\/\/progi.com\/fr\/nous-joindre\/demander-une-demo\/\" \/>\n<meta property=\"og:locale\" content=\"fr_CA\" \/>\n<meta property=\"og:type\" content=\"article\" \/>\n<meta property=\"og:title\" content=\"Demander une d\u00e9mo - Progi\" \/>\n<meta property=\"og:description\" content=\"Obtenez une d\u00e9mo de nos produits. Vous avez des questions sur les fonctionnalit\u00e9s, la personnalisation ou le prix? Notre \u00e9quipe est pr\u00eate \u00e0 r\u00e9pondre.\" \/>\n<meta property=\"og:url\" content=\"https:\/\/progi.com\/fr\/nous-joindre\/demander-une-demo\/\" \/>\n<meta property=\"og:site_name\" content=\"Progi\" \/>\n<meta property=\"article:modified_time\" content=\"2021-05-28T18:54:16+00:00\" \/>\n<meta name=\"twitter:card\" content=\"summary_large_image\" \/>\n<meta name=\"twitter:label1\" content=\"Estimation du temps de lecture\" \/>\n\t<meta name=\"twitter:data1\" content=\"3 minutes\" \/>\n<script type=\"application\/ld+json\" class=\"yoast-schema-graph\">{\"@context\":\"https:\/\/schema.org\",\"@graph\":[{\"@type\":\"WebSite\",\"@id\":\"https:\/\/progi.com\/en\/#website\",\"url\":\"https:\/\/progi.com\/en\/\",\"name\":\"Progi\",\"description\":\"Solutions digitales pour l&#039;assurance et l&#039;auto\",\"potentialAction\":[{\"@type\":\"SearchAction\",\"target\":\"https:\/\/progi.com\/en\/?s={search_term_string}\",\"query-input\":\"required name=search_term_string\"}],\"inLanguage\":\"fr-CA\"},{\"@type\":\"WebPage\",\"@id\":\"https:\/\/progi.com\/fr\/nous-joindre\/demander-une-demo\/#webpage\",\"url\":\"https:\/\/progi.com\/fr\/nous-joindre\/demander-une-demo\/\",\"name\":\"Demander une d\\u00e9mo - Progi\",\"isPartOf\":{\"@id\":\"https:\/\/progi.com\/en\/#website\"},\"datePublished\":\"2017-07-11T12:52:36+00:00\",\"dateModified\":\"2021-05-28T18:54:16+00:00\",\"description\":\"Obtenez une d\\u00e9mo de nos produits. Vous avez des questions sur les fonctionnalit\\u00e9s, la personnalisation ou le prix? Notre \\u00e9quipe est pr\\u00eate \\u00e0 r\\u00e9pondre.\",\"breadcrumb\":{\"@id\":\"https:\/\/progi.com\/fr\/nous-joindre\/demander-une-demo\/#breadcrumb\"},\"inLanguage\":\"fr-CA\",\"potentialAction\":[{\"@type\":\"ReadAction\",\"target\":[\"https:\/\/progi.com\/fr\/nous-joindre\/demander-une-demo\/\"]}]},{\"@type\":\"BreadcrumbList\",\"@id\":\"https:\/\/progi.com\/fr\/nous-joindre\/demander-une-demo\/#breadcrumb\",\"itemListElement\":[{\"@type\":\"ListItem\",\"position\":1,\"name\":\"Home\",\"item\":\"https:\/\/progi.com\/fr\/\"},{\"@type\":\"ListItem\",\"position\":2,\"name\":\"Nous joindre\",\"item\":\"https:\/\/progi.com\/fr\/nous-joindre\/\"},{\"@type\":\"ListItem\",\"position\":3,\"name\":\"Demander une d\\u00e9mo\"}]}]}<\/script>\n<!-- \/ Yoast SEO plugin. -->","_links":{"self":[{"href":"https:\/\/progi.com\/fr\/wp-json\/wp\/v2\/pages\/4503"}],"collection":[{"href":"https:\/\/progi.com\/fr\/wp-json\/wp\/v2\/pages"}],"about":[{"href":"https:\/\/progi.com\/fr\/wp-json\/wp\/v2\/types\/page"}],"author":[{"embeddable":true,"href":"https:\/\/progi.com\/fr\/wp-json\/wp\/v2\/users\/2"}],"replies":[{"embeddable":true,"href":"https:\/\/progi.com\/fr\/wp-json\/wp\/v2\/comments?post=4503"}],"version-history":[{"count":19,"href":"https:\/\/progi.com\/fr\/wp-json\/wp\/v2\/pages\/4503\/revisions"}],"predecessor-version":[{"id":13277,"href":"https:\/\/progi.com\/fr\/wp-json\/wp\/v2\/pages\/4503\/revisions\/13277"}],"up":[{"embeddable":true,"href":"https:\/\/progi.com\/fr\/wp-json\/wp\/v2\/pages\/155"}],"wp:attachment":[{"href":"https:\/\/progi.com\/fr\/wp-json\/wp\/v2\/media?parent=4503"}],"curies":[{"name":"wp","href":"https:\/\/api.w.org\/{rel}","templated":true}]}}