{"id":2770,"date":"2015-09-28T13:24:10","date_gmt":"2015-09-28T17:24:10","guid":{"rendered":"http:\/\/localhost\/progi.com\/?page_id=2770"},"modified":"2022-06-03T15:29:14","modified_gmt":"2022-06-03T19:29:14","slug":"progipieces","status":"publish","type":"page","link":"https:\/\/progi.com\/fr\/produits\/progipieces\/","title":{"rendered":"ProgiPi\u00e8ces"},"content":{"rendered":"<p><div class=\"fusion-fullwidth fullwidth-box fusion-builder-row-1 fusion-parallax-fixed herobanner nonhundred-percent-fullwidth non-hundred-percent-height-scrolling\" style=\"background-color: #b76612;background-image: url(&quot;https:\/\/progi.com\/wp-content\/uploads\/2018\/05\/hero-solution-progiparts-darker.jpg&quot;);background-position: right center;background-repeat: no-repeat;padding-top:80px;padding-right:30px;padding-bottom:80px;padding-left:30px;margin-bottom: 0px;border-width: 0px 0px 0px 0px;border-color:#eae9e9;border-style:solid;-webkit-background-size:cover;-moz-background-size:cover;-o-background-size:cover;background-size:cover;background-attachment:fixed;\" ><div class=\"fusion-builder-row fusion-row\"><div class=\"fusion-layout-column fusion_builder_column fusion-builder-column-0 fusion_builder_column_1_2 1_2 fusion-one-half fusion-column-first\" style=\"width:48%; margin-right: 4%;margin-top:0px;margin-bottom:0px;\"><div class=\"fusion-column-wrapper fusion-flex-column-wrapper-legacy\" style=\"background-position:left top;background-repeat:no-repeat;-webkit-background-size:cover;-moz-background-size:cover;-o-background-size:cover;background-size:cover;padding: 0px 0px 0px 0px;\"><span class=\" fusion-imageframe imageframe-none imageframe-1 hover-type-none\"><img width=\"300\" height=\"77\" alt=\"ProgiPi\u00e8ces\" title=\"progipieces-white\" src=\"https:\/\/progi.com\/wp-content\/uploads\/2018\/05\/progipieces-white-300x77.png\" class=\"img-responsive wp-image-7554\" srcset=\"https:\/\/progi.com\/wp-content\/uploads\/2018\/05\/progipieces-white-200x51.png 200w, https:\/\/progi.com\/wp-content\/uploads\/2018\/05\/progipieces-white.png 342w\" sizes=\"(max-width: 800px) 100vw, 300px\" \/><\/span><style type=\"text\/css\"><\/style><div class=\"fusion-title title fusion-title-1 fusion-sep-none fusion-title-text fusion-title-size-one\" style=\"margin-top:0px;margin-right:0px;margin-bottom:31px;margin-left:0px;\"><h1 class=\"title-heading-left fusion-responsive-typography-calculated\" style=\"margin:0;--fontSize:48;line-height:1.4;\">March\u00e9 num\u00e9rique de pi\u00e8ces<\/h1><\/div><div class=\"fusion-text fusion-text-1\"><p>ProgiPi\u00e8ces est un march\u00e9 de pi\u00e8ces automobiles regroupant une multitude de fournisseurs sur une m\u00eame plateforme. Am\u00e9liorez l&rsquo;exactitude de vos soumissions et utilisez un outil comparatif pour faire les meilleurs choix.<\/p>\n<p>Ce produit s&rsquo;adresse aux ateliers de carrosserie, aux \u00e9valuateurs de compagnie d&rsquo;assurance et aux assureurs, pour une meilleure gestion de l&rsquo;approvisionnement en pi\u00e8ces.<\/p>\n<\/div><div class=\"fusion-clearfix\"><\/div><\/div><\/div><\/div><\/div><div class=\"fusion-fullwidth fullwidth-box fusion-builder-row-2 nonhundred-percent-fullwidth non-hundred-percent-height-scrolling fusion-equal-height-columns\" style=\"background-color: rgba(255,255,255,0);background-position: center center;background-repeat: no-repeat;padding-top:30px;padding-right:30px;padding-bottom:30px;padding-left:30px;margin-bottom: 0px;margin-top: 0px;border-width: 0px 0px 0px 0px;border-color:#eae9e9;border-style:solid;\" ><div class=\"fusion-builder-row fusion-row\"><div class=\"fusion-layout-column fusion_builder_column fusion-builder-column-1 fusion_builder_column_1_1 1_1 fusion-one-full fusion-column-first fusion-column-last\" style=\"margin-top:0px;margin-bottom:20px;\"><div class=\"fusion-column-wrapper fusion-flex-column-wrapper-legacy\" style=\"background-position:left top;background-repeat:no-repeat;-webkit-background-size:cover;-moz-background-size:cover;-o-background-size:cover;background-size:cover;padding: 0px 0px 0px 0px;\"><style type=\"text\/css\"><\/style><div class=\"fusion-title title fusion-title-2 fusion-sep-none fusion-title-center fusion-title-text fusion-title-size-two\" style=\"margin-top:0px;margin-right:0px;margin-bottom:60px;margin-left:0px;\"><h2 class=\"title-heading-center fusion-responsive-typography-calculated\" style=\"margin:0;--fontSize:36;line-height:1.5;\">\u00c0 qui s&rsquo;adresse ProgiPi\u00e8ces<\/h2><\/div><div class=\"fusion-content-boxes content-boxes columns row fusion-columns-4 fusion-columns-total-4 fusion-content-boxes-1 content-boxes-icon-boxed content-left\" data-animationOffset=\"100%\" style=\"margin-top:0px;margin-bottom:60px;\"><style type=\"text\/css\">.fusion-content-boxes-1 .heading .content-box-heading {color:#212d35;}\n\t\t\t\t\t.fusion-content-boxes-1 .fusion-content-box-hover .link-area-link-icon-hover .heading .content-box-heading,\n\t\t\t\t\t.fusion-content-boxes-1 .fusion-content-box-hover .link-area-link-icon-hover .heading .heading-link .content-box-heading,\n\t\t\t\t\t.fusion-content-boxes-1 .fusion-content-box-hover .link-area-box-hover .heading .content-box-heading,\n\t\t\t\t\t.fusion-content-boxes-1 .fusion-content-box-hover .link-area-box-hover .heading .heading-link .content-box-heading,\n\t\t\t\t\t.fusion-content-boxes-1 .fusion-content-box-hover .link-area-link-icon-hover.link-area-box .fusion-read-more,\n\t\t\t\t\t.fusion-content-boxes-1 .fusion-content-box-hover .link-area-link-icon-hover.link-area-box .fusion-read-more::after,\n\t\t\t\t\t.fusion-content-boxes-1 .fusion-content-box-hover .link-area-link-icon-hover.link-area-box .fusion-read-more::before,\n\t\t\t\t\t.fusion-content-boxes-1 .fusion-content-box-hover .fusion-read-more:hover:after,\n\t\t\t\t\t.fusion-content-boxes-1 .fusion-content-box-hover .fusion-read-more:hover:before,\n\t\t\t\t\t.fusion-content-boxes-1 .fusion-content-box-hover .fusion-read-more:hover,\n\t\t\t\t\t.fusion-content-boxes-1 .fusion-content-box-hover .link-area-box-hover.link-area-box .fusion-read-more,\n\t\t\t\t\t.fusion-content-boxes-1 .fusion-content-box-hover .link-area-box-hover.link-area-box .fusion-read-more::after,\n\t\t\t\t\t.fusion-content-boxes-1 .fusion-content-box-hover .link-area-box-hover.link-area-box .fusion-read-more::before,\n\t\t\t\t\t.fusion-content-boxes-1 .fusion-content-box-hover .link-area-link-icon-hover .icon .circle-no,\n\t\t\t\t\t.fusion-content-boxes-1 .heading .heading-link:hover .content-box-heading {\n\t\t\t\t\t\tcolor: #ef9130;\n\t\t\t\t\t}\n\t\t\t\t\t.fusion-content-boxes-1 .fusion-content-box-hover .link-area-box-hover .icon .circle-no {\n\t\t\t\t\t\tcolor: #ef9130 !important;\n\t\t\t\t\t}.fusion-content-boxes-1 .fusion-content-box-hover .link-area-box.link-area-box-hover .fusion-content-box-button {background: #00afd9;color: #ffffff;}.fusion-content-boxes-1 .fusion-content-box-hover .link-area-box.link-area-box-hover .fusion-content-box-button .fusion-button-text {color: #ffffff;}\n\t\t\t\t\t.fusion-content-boxes-1 .fusion-content-box-hover .link-area-link-icon-hover .heading .icon > span {\n\t\t\t\t\t\tbackground-color: #ef9130 !important;\n\t\t\t\t\t}\n\t\t\t\t\t.fusion-content-boxes-1 .fusion-content-box-hover .link-area-box-hover .heading .icon > span {\n\t\t\t\t\t\tborder-color: #ef9130 !important;\n\t\t\t\t\t}\n\t\t\t\t\t\t.fusion-content-boxes-1 .fusion-content-box-hover .link-area-link-icon-hover.icon-hover-animation-pulsate .fontawesome-icon:after,\n\t\t\t\t\t\t.fusion-content-boxes-1 .fusion-content-box-hover .link-area-box-hover.icon-hover-animation-pulsate .fontawesome-icon:after,\n\t\t\t\t\t\t.fusion-content-boxes-1 .fusion-content-box-hover .link-area-link-icon-hover.icon-wrapper-hover-animation-pulsate .icon span:after,\n\t\t\t\t\t\t.fusion-content-boxes-1 .fusion-content-box-hover .link-area-box-hover.icon-wrapper-hover-animation-pulsate .icon span:after {\n\t\t\t\t\t\t\t-webkit-box-shadow:0 0 0 2px rgba(255,255,255,0.1), 0 0 10px 10px #ef9130, 0 0 0 10px rgba(255,255,255,0.5);\n\t\t\t\t\t\t\t-moz-box-shadow:0 0 0 2px rgba(255,255,255,0.1), 0 0 10px 10px #ef9130, 0 0 0 10px rgba(255,255,255,0.5);\n\t\t\t\t\t\t\tbox-shadow: 0 0 0 2px rgba(255,255,255,0.1), 0 0 10px 10px #ef9130, 0 0 0 10px rgba(255,255,255,0.5);\n\t\t\t\t\t\t}\n\t\t\t\t\t<\/style><div class=\"fusion-column content-box-column content-box-column content-box-column-1 col-lg-3 col-md-3 col-sm-3 fusion-content-box-hover content-box-column-first-in-row\"><div class=\"col content-box-wrapper content-wrapper-background content-wrapper-boxed link-area-box link-type-button icon-hover-animation-pulsate fusion-animated\" style=\"background-color:#f0f3f6;\" data-link=\"https:\/\/progi.com\/fr\/produits\/progipieces\/ateliers-de-carrosserie\/\" data-link-target=\"_self\" data-animationType=\"fadeInUp\" data-animationDuration=\"0.3\" data-animationOffset=\"100%\"><div class=\"heading heading-with-icon icon-left\"><a class=\"heading-link\" href=\"https:\/\/progi.com\/fr\/produits\/progipieces\/ateliers-de-carrosserie\/\" target=\"_self\"><div class=\"icon\"><i style=\"border-color:#212d35;border-width:0px;background-color:#ef9130;box-sizing:content-box;height:72px;width:72px;line-height:72px;top:-86px;margin-left:-36px;border-radius:50%;color:#ffffff;font-size:36px;\" aria-hidden=\"true\" class=\"fontawesome-icon fa fa-wrench circle-yes\"><\/i><\/div><h2 class=\"content-box-heading\" style=\"font-size:27px;line-height:32px;\">Carrossiers<\/h2><\/a><\/div><div class=\"fusion-clearfix\"><\/div><div class=\"content-container\" style=\"color:#212d35;\">\n<p style=\"text-align: center;\">Membre?\u00a0<a href=\"https:\/\/progi.com\/progiparts\/\">Connexion<\/a><\/p>\n<p style=\"text-align: center;\">Localisez, comparez et commandez des pi\u00e8ces d\u2019autos de sources vari\u00e9es.<\/p>\n<\/div><div class=\"fusion-clearfix\"><\/div><a class=\"fusion-read-more-button fusion-content-box-button fusion-button button-default button-large button- button-flat\" href=\"https:\/\/progi.com\/fr\/produits\/progipieces\/ateliers-de-carrosserie\/\" target=\"_self\"><span class=\"fusion-button-text\">En apprendre plus<\/span><\/a><div class=\"fusion-clearfix\"><\/div><\/div><\/div><div class=\"fusion-column content-box-column content-box-column content-box-column-2 col-lg-3 col-md-3 col-sm-3 fusion-content-box-hover \"><div class=\"col content-box-wrapper content-wrapper-background content-wrapper-boxed link-area-box link-type-button icon-hover-animation-pulsate fusion-animated\" style=\"background-color:#f0f3f6;\" data-link=\"https:\/\/progi.com\/fr\/produits\/progipieces\/fournisseurs-de-pieces\/\" data-link-target=\"_self\" data-animationType=\"fadeInUp\" data-animationDuration=\"0.3\" data-animationOffset=\"100%\"><div class=\"heading heading-with-icon icon-left\"><a class=\"heading-link\" href=\"https:\/\/progi.com\/fr\/produits\/progipieces\/fournisseurs-de-pieces\/\" target=\"_self\"><div class=\"icon\"><i style=\"border-color:#212d35;border-width:0px;background-color:#ef9130;box-sizing:content-box;height:72px;width:72px;line-height:72px;top:-86px;margin-left:-36px;border-radius:50%;color:#ffffff;font-size:36px;\" aria-hidden=\"true\" class=\"fontawesome-icon fa-tags fas circle-yes\"><\/i><\/div><h2 class=\"content-box-heading\" style=\"font-size:27px;line-height:32px;\">Fournisseurs de pi\u00e8ces neuves et manufacturiers<\/h2><\/a><\/div><div class=\"fusion-clearfix\"><\/div><div class=\"content-container\" style=\"color:#212d35;\">\n<p style=\"text-align: center;\">Membre?\u00a0<a href=\"https:\/\/progiparts5.progi.com\/supplier\">Connexion<\/a><\/p>\n<p style=\"text-align: center;\">Vendez des pi\u00e8ces automobiles aux ateliers de carrosserie par cette plateforme num\u00e9rique.<\/p>\n<\/div><div class=\"fusion-clearfix\"><\/div><a class=\"fusion-read-more-button fusion-content-box-button fusion-button button-default button-large button- button-flat\" href=\"https:\/\/progi.com\/fr\/produits\/progipieces\/fournisseurs-de-pieces\/\" target=\"_self\"><span class=\"fusion-button-text\">En apprendre plus<\/span><\/a><div class=\"fusion-clearfix\"><\/div><\/div><\/div><div class=\"fusion-column content-box-column content-box-column content-box-column-3 col-lg-3 col-md-3 col-sm-3 fusion-content-box-hover \"><div class=\"col content-box-wrapper content-wrapper-background content-wrapper-boxed link-area-box link-type-button icon-hover-animation-pulsate fusion-animated\" style=\"background-color:#f0f3f6;\" data-link=\"https:\/\/progi.com\/fr\/produits\/progipieces\/recycleurs-automobiles\/\" data-link-target=\"_self\" data-animationType=\"fadeInUp\" data-animationDuration=\"0.3\" data-animationOffset=\"100%\"><div class=\"heading heading-with-icon icon-left\"><a class=\"heading-link\" href=\"https:\/\/progi.com\/fr\/produits\/progipieces\/recycleurs-automobiles\/\" target=\"_self\"><div class=\"icon\"><i style=\"border-color:#212d35;border-width:0px;background-color:#ef9130;box-sizing:content-box;height:72px;width:72px;line-height:72px;top:-86px;margin-left:-36px;border-radius:50%;color:#ffffff;font-size:36px;\" aria-hidden=\"true\" class=\"fontawesome-icon fa-recycle fas circle-yes\"><\/i><\/div><h2 class=\"content-box-heading\" style=\"font-size:27px;line-height:32px;\">Fournisseurs de pi\u00e8ces usag\u00e9es<\/h2><\/a><\/div><div class=\"fusion-clearfix\"><\/div><div class=\"content-container\" style=\"color:#212d35;\">\n<p style=\"text-align: center;\">Membre?\u00a0<a href=\"https:\/\/progiparts5.progi.com\/supplier\">Connexion<\/a><\/p>\n<p style=\"text-align: center;\">Vendez des pi\u00e8ces automobiles aux ateliers de carrosserie par cette plateforme num\u00e9rique.<\/p>\n<\/div><div class=\"fusion-clearfix\"><\/div><a class=\"fusion-read-more-button fusion-content-box-button fusion-button button-default button-large button- button-flat\" href=\"https:\/\/progi.com\/fr\/produits\/progipieces\/recycleurs-automobiles\/\" target=\"_self\"><span class=\"fusion-button-text\">En apprendre plus<\/span><\/a><div class=\"fusion-clearfix\"><\/div><\/div><\/div><div class=\"fusion-column content-box-column content-box-column content-box-column-4 col-lg-3 col-md-3 col-sm-3 fusion-content-box-hover content-box-column-last content-box-column-last-in-row\"><div class=\"col content-box-wrapper content-wrapper-background content-wrapper-boxed link-area-box link-type-button icon-hover-animation-pulsate fusion-animated\" style=\"background-color:#f0f3f6;\" data-link=\"https:\/\/progi.com\/fr\/produits\/progipieces\/assureurs-automobiles\/\" data-link-target=\"_self\" data-animationType=\"fadeInUp\" data-animationDuration=\"0.3\" data-animationOffset=\"100%\"><div class=\"heading heading-with-icon icon-left\"><a class=\"heading-link\" href=\"https:\/\/progi.com\/fr\/produits\/progipieces\/assureurs-automobiles\/\" target=\"_self\"><div class=\"icon\"><i style=\"border-color:#212d35;border-width:0px;background-color:#ef9130;box-sizing:content-box;height:72px;width:72px;line-height:72px;top:-86px;margin-left:-36px;border-radius:50%;color:#ffffff;font-size:36px;\" aria-hidden=\"true\" class=\"fontawesome-icon fa fa-umbrella circle-yes\"><\/i><\/div><h2 class=\"content-box-heading\" style=\"font-size:27px;line-height:32px;\">Assureurs<\/h2><\/a><\/div><div class=\"fusion-clearfix\"><\/div><div class=\"content-container\" style=\"color:#212d35;\">\n<p style=\"text-align: center;\">Membre?\u00a0<a href=\"https:\/\/secure.progi.com\/progiparts\/insurer\/web\/index.cgi\">Connexion<\/a><\/p>\n<p style=\"text-align: center;\">Devenez proactif dans la gestion de la cha\u00eene d&rsquo;approvisionnement en pi\u00e8ces automobiles.<\/p>\n<\/div><div class=\"fusion-clearfix\"><\/div><a class=\"fusion-read-more-button fusion-content-box-button fusion-button button-default button-large button- button-flat\" href=\"https:\/\/progi.com\/fr\/produits\/progipieces\/assureurs-automobiles\/\" target=\"_self\"><span class=\"fusion-button-text\">En apprendre plus<\/span><\/a><div class=\"fusion-clearfix\"><\/div><\/div><\/div><style type=\"text\/css\">\n\t\t\t\t\t\t.fusion-content-boxes-1 .fusion-content-box-hover .heading-link:hover .icon i.circle-yes,\n\t\t\t\t\t\t.fusion-content-boxes-1 .fusion-content-box-hover .link-area-box:hover .heading-link .icon i.circle-yes,\n\t\t\t\t\t\t.fusion-content-boxes-1 .fusion-content-box-hover .link-area-link-icon-hover .heading .icon i.circle-yes,\n\t\t\t\t\t\t.fusion-content-boxes-1 .fusion-content-box-hover .link-area-box-hover .heading .icon i.circle-yes {\n\t\t\t\t\t\t\tbackground-color: #ef9130 !important;\n\t\t\t\t\t\t\tborder-color: #ef9130 !important;\n\t\t\t\t\t\t}<\/style><div class=\"fusion-clearfix\"><\/div><\/div><div class=\"fusion-clearfix\"><\/div><\/div><\/div><\/div><\/div><\/p>\n","protected":false},"excerpt":{"rendered":"","protected":false},"author":2,"featured_media":0,"parent":5480,"menu_order":0,"comment_status":"closed","ping_status":"closed","template":"100-width.php","meta":[],"yoast_head":"<!-- This site is optimized with the Yoast SEO plugin v16.5 - https:\/\/yoast.com\/wordpress\/plugins\/seo\/ -->\n<title>ProgiPi\u00e8ces : Localiser et commander des pi\u00e8ces d&#039;autos - Progi<\/title>\n<meta name=\"description\" content=\"Soumission et commande de pi\u00e8ces automobiles. Ce produit s&#039;adresse aux ateliers de carrosserie, aux \u00e9valuateurs de compagnie d&#039;assurance et aux assureurs, pour une meilleure gestion de l&#039;approvisionnement en pi\u00e8ces.\" \/>\n<meta name=\"robots\" content=\"index, follow, max-snippet:-1, max-image-preview:large, max-video-preview:-1\" \/>\n<link rel=\"canonical\" href=\"https:\/\/progi.com\/fr\/produits\/progipieces\/\" \/>\n<meta property=\"og:locale\" content=\"fr_CA\" \/>\n<meta property=\"og:type\" content=\"article\" \/>\n<meta property=\"og:title\" content=\"ProgiPi\u00e8ces : Localiser et commander des pi\u00e8ces d&#039;autos - Progi\" \/>\n<meta property=\"og:description\" content=\"Soumission et commande de pi\u00e8ces automobiles. Ce produit s&#039;adresse aux ateliers de carrosserie, aux \u00e9valuateurs de compagnie d&#039;assurance et aux assureurs, pour une meilleure gestion de l&#039;approvisionnement en pi\u00e8ces.\" \/>\n<meta property=\"og:url\" content=\"https:\/\/progi.com\/fr\/produits\/progipieces\/\" \/>\n<meta property=\"og:site_name\" content=\"Progi\" \/>\n<meta property=\"article:modified_time\" content=\"2022-06-03T19:29:14+00:00\" \/>\n<meta name=\"twitter:card\" content=\"summary_large_image\" \/>\n<meta name=\"twitter:label1\" content=\"Estimation du temps de lecture\" \/>\n\t<meta name=\"twitter:data1\" content=\"3 minutes\" \/>\n<script type=\"application\/ld+json\" class=\"yoast-schema-graph\">{\"@context\":\"https:\/\/schema.org\",\"@graph\":[{\"@type\":\"WebSite\",\"@id\":\"https:\/\/progi.com\/en\/#website\",\"url\":\"https:\/\/progi.com\/en\/\",\"name\":\"Progi\",\"description\":\"Solutions digitales pour l&#039;assurance et l&#039;auto\",\"potentialAction\":[{\"@type\":\"SearchAction\",\"target\":\"https:\/\/progi.com\/en\/?s={search_term_string}\",\"query-input\":\"required name=search_term_string\"}],\"inLanguage\":\"fr-CA\"},{\"@type\":\"WebPage\",\"@id\":\"https:\/\/progi.com\/fr\/produits\/progipieces\/#webpage\",\"url\":\"https:\/\/progi.com\/fr\/produits\/progipieces\/\",\"name\":\"ProgiPi\\u00e8ces : Localiser et commander des pi\\u00e8ces d'autos - Progi\",\"isPartOf\":{\"@id\":\"https:\/\/progi.com\/en\/#website\"},\"datePublished\":\"2015-09-28T17:24:10+00:00\",\"dateModified\":\"2022-06-03T19:29:14+00:00\",\"description\":\"Soumission et commande de pi\\u00e8ces automobiles. Ce produit s'adresse aux ateliers de carrosserie, aux \\u00e9valuateurs de compagnie d'assurance et aux assureurs, pour une meilleure gestion de l'approvisionnement en pi\\u00e8ces.\",\"breadcrumb\":{\"@id\":\"https:\/\/progi.com\/fr\/produits\/progipieces\/#breadcrumb\"},\"inLanguage\":\"fr-CA\",\"potentialAction\":[{\"@type\":\"ReadAction\",\"target\":[\"https:\/\/progi.com\/fr\/produits\/progipieces\/\"]}]},{\"@type\":\"BreadcrumbList\",\"@id\":\"https:\/\/progi.com\/fr\/produits\/progipieces\/#breadcrumb\",\"itemListElement\":[{\"@type\":\"ListItem\",\"position\":1,\"name\":\"Home\",\"item\":\"https:\/\/progi.com\/fr\/\"},{\"@type\":\"ListItem\",\"position\":2,\"name\":\"Produits\",\"item\":\"https:\/\/progi.com\/fr\/produits\/\"},{\"@type\":\"ListItem\",\"position\":3,\"name\":\"ProgiPi\\u00e8ces\"}]}]}<\/script>\n<!-- \/ Yoast SEO plugin. -->","_links":{"self":[{"href":"https:\/\/progi.com\/fr\/wp-json\/wp\/v2\/pages\/2770"}],"collection":[{"href":"https:\/\/progi.com\/fr\/wp-json\/wp\/v2\/pages"}],"about":[{"href":"https:\/\/progi.com\/fr\/wp-json\/wp\/v2\/types\/page"}],"author":[{"embeddable":true,"href":"https:\/\/progi.com\/fr\/wp-json\/wp\/v2\/users\/2"}],"replies":[{"embeddable":true,"href":"https:\/\/progi.com\/fr\/wp-json\/wp\/v2\/comments?post=2770"}],"version-history":[{"count":33,"href":"https:\/\/progi.com\/fr\/wp-json\/wp\/v2\/pages\/2770\/revisions"}],"predecessor-version":[{"id":11337,"href":"https:\/\/progi.com\/fr\/wp-json\/wp\/v2\/pages\/2770\/revisions\/11337"}],"up":[{"embeddable":true,"href":"https:\/\/progi.com\/fr\/wp-json\/wp\/v2\/pages\/5480"}],"wp:attachment":[{"href":"https:\/\/progi.com\/fr\/wp-json\/wp\/v2\/media?parent=2770"}],"curies":[{"name":"wp","href":"https:\/\/api.w.org\/{rel}","templated":true}]}}