{"id":2760,"date":"2015-09-25T14:56:09","date_gmt":"2015-09-25T18:56:09","guid":{"rendered":"http:\/\/localhost\/progi.com\/?page_id=2760"},"modified":"2021-05-25T11:41:01","modified_gmt":"2021-05-25T15:41:01","slug":"progilog","status":"publish","type":"page","link":"https:\/\/progi.com\/fr\/produits\/progilog\/","title":{"rendered":"ProgiLog"},"content":{"rendered":"<p><div class=\"fusion-fullwidth fullwidth-box fusion-builder-row-1 fusion-parallax-none herobanner nonhundred-percent-fullwidth non-hundred-percent-height-scrolling\" style=\"background-color: #6ec151;background-image: url(&quot;https:\/\/progi.com\/wp-content\/uploads\/2019\/02\/hero-progilog-en.jpg&quot;);background-position: right center;background-repeat: no-repeat;padding-top:110px;padding-right:30px;padding-bottom:110px;padding-left:30px;margin-bottom: 0px;border-width: 0px 0px 0px 0px;border-color:#eae9e9;border-style:solid;-webkit-background-size:cover;-moz-background-size:cover;-o-background-size:cover;background-size:cover;\" ><div class=\"fusion-builder-row fusion-row\"><div class=\"fusion-layout-column fusion_builder_column fusion-builder-column-0 fusion_builder_column_1_2 1_2 fusion-one-half fusion-column-first\" style=\"width:48%; margin-right: 4%;margin-top:0px;margin-bottom:0px;\"><div class=\"fusion-column-wrapper fusion-flex-column-wrapper-legacy\" style=\"background-position:left top;background-repeat:no-repeat;-webkit-background-size:cover;-moz-background-size:cover;-o-background-size:cover;background-size:cover;padding: 0px 0px 0px 0px;\"><span class=\" fusion-imageframe imageframe-none imageframe-1 hover-type-none product-logo\" style=\"width:100%;max-width:300px;\"><img width=\"450\" height=\"100\" alt=\"ProgiLog\" title=\"ProgiLog_100_white\" src=\"https:\/\/progi.com\/wp-content\/uploads\/2019\/02\/ProgiLog_100_white.png\" class=\"img-responsive wp-image-8306\" srcset=\"https:\/\/progi.com\/wp-content\/uploads\/2019\/02\/ProgiLog_100_white-200x44.png 200w, https:\/\/progi.com\/wp-content\/uploads\/2019\/02\/ProgiLog_100_white-400x89.png 400w, https:\/\/progi.com\/wp-content\/uploads\/2019\/02\/ProgiLog_100_white.png 450w\" sizes=\"(max-width: 800px) 100vw, 450px\" \/><\/span><style type=\"text\/css\"><\/style><div class=\"fusion-title title fusion-title-1 fusion-sep-none fusion-title-text fusion-title-size-one\" style=\"margin-top:0px;margin-right:0px;margin-bottom:31px;margin-left:0px;\"><h1 class=\"title-heading-left fusion-responsive-typography-calculated\" style=\"margin:0;--fontSize:48;line-height:1.4;\">Exp\u00e9rience client rehauss\u00e9e<\/h1><\/div><div class=\"fusion-text fusion-text-1\"><p>Lors d\u2019une r\u00e9paration automobile, un suivi en ligne rassure le client sur son v\u00e9hicule. Avancement de la r\u00e9paration, messages et photos\u2026 \u00e9liminez les appels t\u00e9l\u00e9phoniques tout en rehaussant la satisfaction!<\/p>\n<\/div><div class=\"fusion-clearfix\"><\/div><\/div><\/div><\/div><\/div><div class=\"fusion-fullwidth fullwidth-box fusion-builder-row-2 nonhundred-percent-fullwidth non-hundred-percent-height-scrolling fusion-equal-height-columns\" style=\"background-color: rgba(255,255,255,0);background-position: center center;background-repeat: no-repeat;padding-top:30px;padding-right:30px;padding-bottom:30px;padding-left:30px;margin-bottom: 0px;margin-top: 0px;border-width: 0px 0px 0px 0px;border-color:#eae9e9;border-style:solid;\" ><div class=\"fusion-builder-row fusion-row\"><div class=\"fusion-layout-column fusion_builder_column fusion-builder-column-1 fusion_builder_column_1_1 1_1 fusion-one-full fusion-column-first fusion-column-last\" style=\"margin-top:0px;margin-bottom:20px;\"><div class=\"fusion-column-wrapper fusion-flex-column-wrapper-legacy\" style=\"background-position:left top;background-repeat:no-repeat;-webkit-background-size:cover;-moz-background-size:cover;-o-background-size:cover;background-size:cover;padding: 0px 0px 0px 0px;\"><style type=\"text\/css\"><\/style><div class=\"fusion-title title fusion-title-2 fusion-sep-none fusion-title-center fusion-title-text fusion-title-size-two\" style=\"margin-top:0px;margin-right:0px;margin-bottom:60px;margin-left:0px;\"><h2 class=\"title-heading-center fusion-responsive-typography-calculated\" style=\"margin:0;--fontSize:36;line-height:1.5;\">\u00c0 qui s&rsquo;adresse ProgiLog<\/h2><\/div><div class=\"fusion-content-boxes content-boxes columns row fusion-columns-3 fusion-columns-total-3 fusion-content-boxes-1 content-boxes-icon-boxed content-left\" data-animationOffset=\"100%\" style=\"margin-top:0px;margin-bottom:60px;\"><style type=\"text\/css\">.fusion-content-boxes-1 .heading .content-box-heading {color:#212d35;}\n\t\t\t\t\t.fusion-content-boxes-1 .fusion-content-box-hover .link-area-link-icon-hover .heading .content-box-heading,\n\t\t\t\t\t.fusion-content-boxes-1 .fusion-content-box-hover .link-area-link-icon-hover .heading .heading-link .content-box-heading,\n\t\t\t\t\t.fusion-content-boxes-1 .fusion-content-box-hover .link-area-box-hover .heading .content-box-heading,\n\t\t\t\t\t.fusion-content-boxes-1 .fusion-content-box-hover .link-area-box-hover .heading .heading-link .content-box-heading,\n\t\t\t\t\t.fusion-content-boxes-1 .fusion-content-box-hover .link-area-link-icon-hover.link-area-box .fusion-read-more,\n\t\t\t\t\t.fusion-content-boxes-1 .fusion-content-box-hover .link-area-link-icon-hover.link-area-box .fusion-read-more::after,\n\t\t\t\t\t.fusion-content-boxes-1 .fusion-content-box-hover .link-area-link-icon-hover.link-area-box .fusion-read-more::before,\n\t\t\t\t\t.fusion-content-boxes-1 .fusion-content-box-hover .fusion-read-more:hover:after,\n\t\t\t\t\t.fusion-content-boxes-1 .fusion-content-box-hover .fusion-read-more:hover:before,\n\t\t\t\t\t.fusion-content-boxes-1 .fusion-content-box-hover .fusion-read-more:hover,\n\t\t\t\t\t.fusion-content-boxes-1 .fusion-content-box-hover .link-area-box-hover.link-area-box .fusion-read-more,\n\t\t\t\t\t.fusion-content-boxes-1 .fusion-content-box-hover .link-area-box-hover.link-area-box .fusion-read-more::after,\n\t\t\t\t\t.fusion-content-boxes-1 .fusion-content-box-hover .link-area-box-hover.link-area-box .fusion-read-more::before,\n\t\t\t\t\t.fusion-content-boxes-1 .fusion-content-box-hover .link-area-link-icon-hover .icon .circle-no,\n\t\t\t\t\t.fusion-content-boxes-1 .heading .heading-link:hover .content-box-heading {\n\t\t\t\t\t\tcolor: #6ec151;\n\t\t\t\t\t}\n\t\t\t\t\t.fusion-content-boxes-1 .fusion-content-box-hover .link-area-box-hover .icon .circle-no {\n\t\t\t\t\t\tcolor: #6ec151 !important;\n\t\t\t\t\t}.fusion-content-boxes-1 .fusion-content-box-hover .link-area-box.link-area-box-hover .fusion-content-box-button {background: #00afd9;color: #ffffff;}.fusion-content-boxes-1 .fusion-content-box-hover .link-area-box.link-area-box-hover .fusion-content-box-button .fusion-button-text {color: #ffffff;}\n\t\t\t\t\t.fusion-content-boxes-1 .fusion-content-box-hover .link-area-link-icon-hover .heading .icon > span {\n\t\t\t\t\t\tbackground-color: #6ec151 !important;\n\t\t\t\t\t}\n\t\t\t\t\t.fusion-content-boxes-1 .fusion-content-box-hover .link-area-box-hover .heading .icon > span {\n\t\t\t\t\t\tborder-color: #6ec151 !important;\n\t\t\t\t\t}\n\t\t\t\t\t\t.fusion-content-boxes-1 .fusion-content-box-hover .link-area-link-icon-hover.icon-hover-animation-pulsate .fontawesome-icon:after,\n\t\t\t\t\t\t.fusion-content-boxes-1 .fusion-content-box-hover .link-area-box-hover.icon-hover-animation-pulsate .fontawesome-icon:after,\n\t\t\t\t\t\t.fusion-content-boxes-1 .fusion-content-box-hover .link-area-link-icon-hover.icon-wrapper-hover-animation-pulsate .icon span:after,\n\t\t\t\t\t\t.fusion-content-boxes-1 .fusion-content-box-hover .link-area-box-hover.icon-wrapper-hover-animation-pulsate .icon span:after {\n\t\t\t\t\t\t\t-webkit-box-shadow:0 0 0 2px rgba(255,255,255,0.1), 0 0 10px 10px #6ec151, 0 0 0 10px rgba(255,255,255,0.5);\n\t\t\t\t\t\t\t-moz-box-shadow:0 0 0 2px rgba(255,255,255,0.1), 0 0 10px 10px #6ec151, 0 0 0 10px rgba(255,255,255,0.5);\n\t\t\t\t\t\t\tbox-shadow: 0 0 0 2px rgba(255,255,255,0.1), 0 0 10px 10px #6ec151, 0 0 0 10px rgba(255,255,255,0.5);\n\t\t\t\t\t\t}\n\t\t\t\t\t<\/style><div class=\"fusion-column content-box-column content-box-column content-box-column-1 col-lg-4 col-md-4 col-sm-4 fusion-content-box-hover content-box-column-first-in-row\"><div class=\"col content-box-wrapper content-wrapper-background content-wrapper-boxed link-area-box link-type-button icon-hover-animation-pulsate fusion-animated\" style=\"background-color:#f0f3f6;\" data-link=\"https:\/\/progi.com\/fr\/produits\/progilog\/ateliers-de-carrosserie\/\" data-link-target=\"_self\" data-animationType=\"fadeInUp\" data-animationDuration=\"0.3\" data-animationOffset=\"100%\"><div class=\"heading heading-with-icon icon-left\"><a class=\"heading-link\" href=\"https:\/\/progi.com\/fr\/produits\/progilog\/ateliers-de-carrosserie\/\" target=\"_self\"><div class=\"icon\"><i style=\"border-color:#212d35;border-width:0px;background-color:#6ec151;box-sizing:content-box;height:72px;width:72px;line-height:72px;top:-86px;margin-left:-36px;border-radius:50%;color:#ffffff;font-size:36px;\" aria-hidden=\"true\" class=\"fontawesome-icon fa-wrench fas circle-yes\"><\/i><\/div><h2 class=\"content-box-heading\" style=\"font-size:32px;line-height:37px;\">Carrossiers<\/h2><\/a><\/div><div class=\"fusion-clearfix\"><\/div><div class=\"content-container\" style=\"color:#212d35;\">\n<p>Membre? <a href=\"https:\/\/progilog.progi.com\/collisionshop\/web\/?lang=fr\">Connexion<\/a><\/p>\n<p>Fournissez aux propri\u00e9taires de v\u00e9hicules et aux experts en sinistre un suivi en ligne des r\u00e9parations, avec commentaires, photos et vid\u00e9os.<\/p>\n<p><strong>L&rsquo;exp\u00e9rience client rehauss\u00e9e!<\/strong><\/p>\n<\/div><div class=\"fusion-clearfix\"><\/div><a class=\"fusion-read-more-button fusion-content-box-button fusion-button button-default button-large button- button-flat\" href=\"https:\/\/progi.com\/fr\/produits\/progilog\/ateliers-de-carrosserie\/\" target=\"_self\"><span class=\"fusion-button-text\">En apprendre plus<\/span><\/a><div class=\"fusion-clearfix\"><\/div><\/div><\/div><div class=\"fusion-column content-box-column content-box-column content-box-column-2 col-lg-4 col-md-4 col-sm-4 fusion-content-box-hover \"><div class=\"col content-box-wrapper content-wrapper-background content-wrapper-boxed link-area-box link-type-button icon-hover-animation-pulsate fusion-animated\" style=\"background-color:#f0f3f6;\" data-link=\"https:\/\/progi.com\/fr\/produits\/progilog\/assureurs-automobiles\/\" data-link-target=\"_self\" data-animationType=\"fadeInUp\" data-animationDuration=\"0.3\" data-animationOffset=\"100%\"><div class=\"heading heading-with-icon icon-left\"><a class=\"heading-link\" href=\"https:\/\/progi.com\/fr\/produits\/progilog\/assureurs-automobiles\/\" target=\"_self\"><div class=\"icon\"><i style=\"border-color:#212d35;border-width:0px;background-color:#6ec151;box-sizing:content-box;height:72px;width:72px;line-height:72px;top:-86px;margin-left:-36px;border-radius:50%;color:#ffffff;font-size:36px;\" aria-hidden=\"true\" class=\"fontawesome-icon fa-umbrella fas circle-yes\"><\/i><\/div><h2 class=\"content-box-heading\" style=\"font-size:32px;line-height:37px;\">Assureurs<\/h2><\/a><\/div><div class=\"fusion-clearfix\"><\/div><div class=\"content-container\" style=\"color:#212d35;\">\n<p>Membre? <a href=\"https:\/\/progilog.progi.com\/insurer\/web\/?lang=fr\">Connexion<\/a><\/p>\n<p>Am\u00e9liorez la communication entre l&rsquo;assur\u00e9, l&rsquo;expert en sinistre et le r\u00e9parateur \u00e0 l&rsquo;aide de suivi en ligne.<\/p>\n<p><strong>La satisfaction du client atteint un niveau sup\u00e9rieur.<\/strong><\/p>\n<\/div><div class=\"fusion-clearfix\"><\/div><a class=\"fusion-read-more-button fusion-content-box-button fusion-button button-default button-large button- button-flat\" href=\"https:\/\/progi.com\/fr\/produits\/progilog\/assureurs-automobiles\/\" target=\"_self\"><span class=\"fusion-button-text\">En apprendre plus<\/span><\/a><div class=\"fusion-clearfix\"><\/div><\/div><\/div><div class=\"fusion-column content-box-column content-box-column content-box-column-3 col-lg-4 col-md-4 col-sm-4 fusion-content-box-hover content-box-column-last content-box-column-last-in-row\"><div class=\"col content-box-wrapper content-wrapper-background content-wrapper-boxed link-area-box link-type-button icon-hover-animation-pulsate fusion-animated\" style=\"background-color:#f0f3f6;\" data-link=\"https:\/\/progilog.progi.com\/public\/web\/?lang=fr\" data-link-target=\"_self\" data-animationType=\"fadeInUp\" data-animationDuration=\"0.3\" data-animationOffset=\"100%\"><div class=\"heading heading-with-icon icon-left\"><a class=\"heading-link\" href=\"https:\/\/progilog.progi.com\/public\/web\/?lang=fr\" target=\"_self\"><div class=\"icon\"><i style=\"border-color:#212d35;border-width:0px;background-color:#6ec151;box-sizing:content-box;height:72px;width:72px;line-height:72px;top:-86px;margin-left:-36px;border-radius:50%;color:#ffffff;font-size:36px;\" aria-hidden=\"true\" class=\"fontawesome-icon fa-car fas circle-yes\"><\/i><\/div><h2 class=\"content-box-heading\" style=\"font-size:32px;line-height:37px;\">Propri\u00e9taires auto<\/h2><\/a><\/div><div class=\"fusion-clearfix\"><\/div><div class=\"content-container\" style=\"color:#212d35;\">\n<p>Suivez la r\u00e9paration de votre v\u00e9hicule en ligne.<\/p>\n<p>Votre fiche est mise \u00e0 jour par l&rsquo;atelier.<\/p>\n<\/div><div class=\"fusion-clearfix\"><\/div><a class=\"fusion-read-more-button fusion-content-box-button fusion-button button-default button-large button- button-flat\" href=\"https:\/\/progilog.progi.com\/public\/web\/?lang=fr\" target=\"_self\"><span class=\"fusion-button-text\">Consulter ma fiche<\/span><\/a><div class=\"fusion-clearfix\"><\/div><\/div><\/div><style type=\"text\/css\">\n\t\t\t\t\t\t.fusion-content-boxes-1 .fusion-content-box-hover .heading-link:hover .icon i.circle-yes,\n\t\t\t\t\t\t.fusion-content-boxes-1 .fusion-content-box-hover .link-area-box:hover .heading-link .icon i.circle-yes,\n\t\t\t\t\t\t.fusion-content-boxes-1 .fusion-content-box-hover .link-area-link-icon-hover .heading .icon i.circle-yes,\n\t\t\t\t\t\t.fusion-content-boxes-1 .fusion-content-box-hover .link-area-box-hover .heading .icon i.circle-yes {\n\t\t\t\t\t\t\tbackground-color: #6ec151 !important;\n\t\t\t\t\t\t\tborder-color: #6ec151 !important;\n\t\t\t\t\t\t}<\/style><div class=\"fusion-clearfix\"><\/div><\/div><div class=\"fusion-clearfix\"><\/div><\/div><\/div><\/div><\/div><\/p>\n","protected":false},"excerpt":{"rendered":"","protected":false},"author":2,"featured_media":0,"parent":5480,"menu_order":0,"comment_status":"closed","ping_status":"closed","template":"100-width.php","meta":[],"yoast_head":"<!-- This site is optimized with the Yoast SEO plugin v16.5 - https:\/\/yoast.com\/wordpress\/plugins\/seo\/ -->\n<title>ProgiLog - Progi<\/title>\n<meta name=\"description\" content=\"Les carrossiers et les compagnies d&#039;assurance fournissent au propri\u00e9taire du v\u00e9hicule un dossier en ligne avec la progression des travaux, photos et plus!\" \/>\n<meta name=\"robots\" content=\"index, follow, max-snippet:-1, max-image-preview:large, max-video-preview:-1\" \/>\n<link rel=\"canonical\" href=\"https:\/\/progi.com\/fr\/produits\/progilog\/\" \/>\n<meta property=\"og:locale\" content=\"fr_CA\" \/>\n<meta property=\"og:type\" content=\"article\" \/>\n<meta property=\"og:title\" content=\"ProgiLog - Progi\" \/>\n<meta property=\"og:description\" content=\"Les carrossiers et les compagnies d&#039;assurance fournissent au propri\u00e9taire du v\u00e9hicule un dossier en ligne avec la progression des travaux, photos et plus!\" \/>\n<meta property=\"og:url\" content=\"https:\/\/progi.com\/fr\/produits\/progilog\/\" \/>\n<meta property=\"og:site_name\" content=\"Progi\" \/>\n<meta property=\"article:modified_time\" content=\"2021-05-25T15:41:01+00:00\" \/>\n<meta name=\"twitter:card\" content=\"summary_large_image\" \/>\n<meta name=\"twitter:label1\" content=\"Estimation du temps de lecture\" \/>\n\t<meta name=\"twitter:data1\" content=\"5 minutes\" \/>\n<script type=\"application\/ld+json\" class=\"yoast-schema-graph\">{\"@context\":\"https:\/\/schema.org\",\"@graph\":[{\"@type\":\"WebSite\",\"@id\":\"https:\/\/progi.com\/en\/#website\",\"url\":\"https:\/\/progi.com\/en\/\",\"name\":\"Progi\",\"description\":\"Solutions digitales pour l&#039;assurance et l&#039;auto\",\"potentialAction\":[{\"@type\":\"SearchAction\",\"target\":\"https:\/\/progi.com\/en\/?s={search_term_string}\",\"query-input\":\"required name=search_term_string\"}],\"inLanguage\":\"fr-CA\"},{\"@type\":\"WebPage\",\"@id\":\"https:\/\/progi.com\/fr\/produits\/progilog\/#webpage\",\"url\":\"https:\/\/progi.com\/fr\/produits\/progilog\/\",\"name\":\"ProgiLog - Progi\",\"isPartOf\":{\"@id\":\"https:\/\/progi.com\/en\/#website\"},\"datePublished\":\"2015-09-25T18:56:09+00:00\",\"dateModified\":\"2021-05-25T15:41:01+00:00\",\"description\":\"Les carrossiers et les compagnies d'assurance fournissent au propri\\u00e9taire du v\\u00e9hicule un dossier en ligne avec la progression des travaux, photos et plus!\",\"breadcrumb\":{\"@id\":\"https:\/\/progi.com\/fr\/produits\/progilog\/#breadcrumb\"},\"inLanguage\":\"fr-CA\",\"potentialAction\":[{\"@type\":\"ReadAction\",\"target\":[\"https:\/\/progi.com\/fr\/produits\/progilog\/\"]}]},{\"@type\":\"BreadcrumbList\",\"@id\":\"https:\/\/progi.com\/fr\/produits\/progilog\/#breadcrumb\",\"itemListElement\":[{\"@type\":\"ListItem\",\"position\":1,\"name\":\"Home\",\"item\":\"https:\/\/progi.com\/fr\/\"},{\"@type\":\"ListItem\",\"position\":2,\"name\":\"Produits\",\"item\":\"https:\/\/progi.com\/fr\/produits\/\"},{\"@type\":\"ListItem\",\"position\":3,\"name\":\"ProgiLog\"}]}]}<\/script>\n<!-- \/ Yoast SEO plugin. -->","_links":{"self":[{"href":"https:\/\/progi.com\/fr\/wp-json\/wp\/v2\/pages\/2760"}],"collection":[{"href":"https:\/\/progi.com\/fr\/wp-json\/wp\/v2\/pages"}],"about":[{"href":"https:\/\/progi.com\/fr\/wp-json\/wp\/v2\/types\/page"}],"author":[{"embeddable":true,"href":"https:\/\/progi.com\/fr\/wp-json\/wp\/v2\/users\/2"}],"replies":[{"embeddable":true,"href":"https:\/\/progi.com\/fr\/wp-json\/wp\/v2\/comments?post=2760"}],"version-history":[{"count":17,"href":"https:\/\/progi.com\/fr\/wp-json\/wp\/v2\/pages\/2760\/revisions"}],"predecessor-version":[{"id":10263,"href":"https:\/\/progi.com\/fr\/wp-json\/wp\/v2\/pages\/2760\/revisions\/10263"}],"up":[{"embeddable":true,"href":"https:\/\/progi.com\/fr\/wp-json\/wp\/v2\/pages\/5480"}],"wp:attachment":[{"href":"https:\/\/progi.com\/fr\/wp-json\/wp\/v2\/media?parent=2760"}],"curies":[{"name":"wp","href":"https:\/\/api.w.org\/{rel}","templated":true}]}}