{"id":152,"date":"2011-03-04T19:30:03","date_gmt":"2011-03-04T23:30:03","guid":{"rendered":"http:\/\/localhost\/progi.com\/"},"modified":"2021-09-16T08:24:41","modified_gmt":"2021-09-16T12:24:41","slug":"support-technique","status":"publish","type":"page","link":"https:\/\/progi.com\/fr\/nous-joindre\/support-technique\/","title":{"rendered":"Support technique"},"content":{"rendered":"<div class=\"fusion-fullwidth fullwidth-box fusion-builder-row-1 nonhundred-percent-fullwidth non-hundred-percent-height-scrolling\" style=\"background-color: rgba(255,255,255,0);background-position: center center;background-repeat: no-repeat;padding-top:50px;padding-right:30px;padding-bottom:50px;padding-left:30px;margin-bottom: 0px;margin-top: 0px;border-width: 0px 0px 0px 0px;border-color:#eae9e9;border-style:solid;\" ><div class=\"fusion-builder-row fusion-row\"><div class=\"fusion-layout-column fusion_builder_column fusion-builder-column-0 fusion_builder_column_1_1 1_1 fusion-one-full fusion-column-first fusion-column-last\" style=\"margin-top:0px;margin-bottom:20px;\"><div class=\"fusion-column-wrapper fusion-flex-column-wrapper-legacy\" style=\"background-position:left top;background-repeat:no-repeat;-webkit-background-size:cover;-moz-background-size:cover;-o-background-size:cover;background-size:cover;padding: 0px 0px 0px 0px;\"><style type=\"text\/css\"><\/style><div class=\"fusion-title title fusion-title-1 fusion-sep-none fusion-title-text fusion-title-size-one\" style=\"margin-top:0px;margin-right:0px;margin-bottom:31px;margin-left:0px;\"><h1 class=\"title-heading-left fusion-responsive-typography-calculated\" style=\"margin:0;--fontSize:48;line-height:1.4;\">Soutien technique<\/h1><\/div><div class=\"fusion-clearfix\"><\/div><\/div><\/div><div class=\"fusion-layout-column fusion_builder_column fusion-builder-column-1 fusion_builder_column_1_2 1_2 fusion-one-half fusion-column-first\" style=\"width:48%; margin-right: 4%;margin-top:0px;margin-bottom:0px;\"><div class=\"fusion-column-wrapper fusion-flex-column-wrapper-legacy\" style=\"background-position:left top;background-repeat:no-repeat;-webkit-background-size:cover;-moz-background-size:cover;-o-background-size:cover;background-size:cover;padding: 0px 0px 0px 0px;\"><style type=\"text\/css\"><\/style><div class=\"fusion-title title fusion-title-2 fusion-sep-none fusion-title-text fusion-title-size-two\" style=\"margin-top:0px;margin-right:0px;margin-bottom:31px;margin-left:0px;\"><h2 class=\"title-heading-left fusion-responsive-typography-calculated\" style=\"margin:0;--fontSize:36;line-height:1.5;\">1 877 776-3198<\/h2><\/div><div class=\"fusion-text fusion-text-1\"><p>Vous pouvez compter sur un service hors pair de notre \u00e9quipe de techniciens et de programmeurs. Appelez-nous et nous vous donnerons un coup de pouce !<\/p>\n<p>Lorsque vous appelez chez Progi, indiquez \u00e0 nos t\u00e9l\u00e9phonistes le sujet de votre appel \u2014 c\u2019est-\u00e0-dire quel logiciel est en cause \u2014 et votre nom ou celui de votre entreprise. Cela leur permettra de rediriger votre appel plus rapidement vers un technicien qui conna\u00eet bien ce logiciel.<\/p>\n<\/div><div class=\"fusion-clearfix\"><\/div><\/div><\/div><div class=\"fusion-layout-column fusion_builder_column fusion-builder-column-2 fusion_builder_column_1_4 1_4 fusion-one-fourth fusion-animated\" style=\"width:22%; margin-right: 4%;margin-top:0px;margin-bottom:0px;\" data-animationType=\"fadeInUp\" data-animationDuration=\"0.3\" data-animationOffset=\"100%\"><div class=\"fusion-column-wrapper fusion-flex-column-wrapper-legacy\" style=\"background-position:left top;background-repeat:no-repeat;-webkit-background-size:cover;-moz-background-size:cover;-o-background-size:cover;background-size:cover;padding: 0px 0px 0px 0px;\"><div class=\"fusion-testimonials classic fusion-testimonials-1\" data-random=\"0\" data-speed=\"6000\"><style type=\"text\/css\">#fusion-testimonials-1 a{border-color:#212d35;}#fusion-testimonials-1 a:hover, #fusion-testimonials-1 .activeSlide{background-color: #212d35;}.fusion-testimonials.classic.fusion-testimonials-1 .author:after{border-top-color:#dbf1d3 !important;}<\/style><div class=\"reviews\"><div class=\"review male\"><blockquote><q style=\"background-color:#dbf1d3;color:#212d35;\" class=\"fusion-clearfix\">\n<p>Lorsque j\u2019appelle au soutien technique de Progi, <strong>ils r\u00e8glent mon probl\u00e8me rapidement<\/strong>&#8230; chaque fois.<\/p>\n<\/q><\/blockquote><div class=\"author\" style=\"color:#212d35;\"><span class=\"testimonial-thumbnail doe\" style=\"color:#212d35;\"><\/span><span class=\"company-name\"><strong>Mathieu Barab\u00e9<\/strong>, <span>CGN Pi\u00e8ces d'autos<\/span><\/span><\/div><\/div><\/div><\/div><div class=\"fusion-clearfix\"><\/div><\/div><\/div><div class=\"fusion-layout-column fusion_builder_column fusion-builder-column-3 fusion_builder_column_1_4 1_4 fusion-one-fourth fusion-column-last\" style=\"width:22%;margin-top:0px;margin-bottom:0px;\"><div class=\"fusion-column-wrapper fusion-flex-column-wrapper-legacy\" style=\"background-position:left top;background-repeat:no-repeat;-webkit-background-size:cover;-moz-background-size:cover;-o-background-size:cover;background-size:cover;padding: 0px 0px 0px 0px;\"><div class=\"fusion-content-boxes content-boxes columns row fusion-columns-1 fusion-columns-total-1 fusion-content-boxes-1 content-boxes-icon-with-title content-left\" data-animationOffset=\"100%\" style=\"margin-top:0px;margin-bottom:60px;\"><style type=\"text\/css\">.fusion-content-boxes-1 .heading .content-box-heading {color:#212d35;}\n\t\t\t\t\t.fusion-content-boxes-1 .fusion-content-box-hover .link-area-link-icon-hover .heading .content-box-heading,\n\t\t\t\t\t.fusion-content-boxes-1 .fusion-content-box-hover .link-area-link-icon-hover .heading .heading-link .content-box-heading,\n\t\t\t\t\t.fusion-content-boxes-1 .fusion-content-box-hover .link-area-box-hover .heading .content-box-heading,\n\t\t\t\t\t.fusion-content-boxes-1 .fusion-content-box-hover .link-area-box-hover .heading .heading-link .content-box-heading,\n\t\t\t\t\t.fusion-content-boxes-1 .fusion-content-box-hover .link-area-link-icon-hover.link-area-box .fusion-read-more,\n\t\t\t\t\t.fusion-content-boxes-1 .fusion-content-box-hover .link-area-link-icon-hover.link-area-box .fusion-read-more::after,\n\t\t\t\t\t.fusion-content-boxes-1 .fusion-content-box-hover .link-area-link-icon-hover.link-area-box .fusion-read-more::before,\n\t\t\t\t\t.fusion-content-boxes-1 .fusion-content-box-hover .fusion-read-more:hover:after,\n\t\t\t\t\t.fusion-content-boxes-1 .fusion-content-box-hover .fusion-read-more:hover:before,\n\t\t\t\t\t.fusion-content-boxes-1 .fusion-content-box-hover .fusion-read-more:hover,\n\t\t\t\t\t.fusion-content-boxes-1 .fusion-content-box-hover .link-area-box-hover.link-area-box .fusion-read-more,\n\t\t\t\t\t.fusion-content-boxes-1 .fusion-content-box-hover .link-area-box-hover.link-area-box .fusion-read-more::after,\n\t\t\t\t\t.fusion-content-boxes-1 .fusion-content-box-hover .link-area-box-hover.link-area-box .fusion-read-more::before,\n\t\t\t\t\t.fusion-content-boxes-1 .fusion-content-box-hover .link-area-link-icon-hover .icon .circle-no,\n\t\t\t\t\t.fusion-content-boxes-1 .heading .heading-link:hover .content-box-heading {\n\t\t\t\t\t\tcolor: #00afd9;\n\t\t\t\t\t}\n\t\t\t\t\t.fusion-content-boxes-1 .fusion-content-box-hover .link-area-box-hover .icon .circle-no {\n\t\t\t\t\t\tcolor: #00afd9 !important;\n\t\t\t\t\t}.fusion-content-boxes-1 .fusion-content-box-hover .link-area-box.link-area-box-hover .fusion-content-box-button {background: #00afd9;color: #ffffff;}.fusion-content-boxes-1 .fusion-content-box-hover .link-area-box.link-area-box-hover .fusion-content-box-button .fusion-button-text {color: #ffffff;}\n\t\t\t\t\t.fusion-content-boxes-1 .fusion-content-box-hover .link-area-link-icon-hover .heading .icon > span {\n\t\t\t\t\t\tbackground-color: #00afd9 !important;\n\t\t\t\t\t}\n\t\t\t\t\t.fusion-content-boxes-1 .fusion-content-box-hover .link-area-box-hover .heading .icon > span {\n\t\t\t\t\t\tborder-color: #00afd9 !important;\n\t\t\t\t\t}<\/style><div class=\"fusion-column content-box-column content-box-column content-box-column-1 col-lg-12 col-md-12 col-sm-12 fusion-content-box-hover content-box-column-last content-box-column-last-in-row\"><div class=\"col content-box-wrapper content-wrapper link-area-link-icon icon-hover-animation-fade fusion-animated\" style=\"background-color:rgba(255,255,255,0);\" data-animationType=\"fadeInRight\" data-animationDuration=\"0.3\" data-animationOffset=\"100%\"><div class=\"fusion-clearfix\"><\/div><div class=\"content-container\" style=\"color:#212d35;\"><a href=\"https:\/\/get.teamviewer.com\/fpjk4jm\"><img class=\"aligncenter wp-image-4760 size-full\" src=\"https:\/\/progi.com\/wp-content\/uploads\/2018\/02\/towing.png\" alt=\"\" width=\"241\" height=\"69\" srcset=\"https:\/\/progi.com\/wp-content\/uploads\/2018\/02\/towing-200x57.png 200w, https:\/\/progi.com\/wp-content\/uploads\/2018\/02\/towing.png 241w\" sizes=\"(max-width: 241px) 100vw, 241px\" \/><\/a><\/p>\n<h3 style=\"text-align: center;\"><a href=\"https:\/\/get.teamviewer.com\/fpjk4jm\">ProgiSupport<\/a><\/h3>\n<p style=\"text-align: center; font-size: 0.9em;\"><em>Ce petit utilitaire nous permet d\u2019acc\u00e9der \u00e0 votre ordinateur. T\u00e9l\u00e9charger \u00e0 la requ\u00eate de nos techniciens seulement.<\/em><\/p>\n<\/div><\/div><\/div><style type=\"text\/css\">\n\t\t\t\t\t\t.fusion-content-boxes-1 .fusion-content-box-hover .heading-link:hover .icon i.circle-yes,\n\t\t\t\t\t\t.fusion-content-boxes-1 .fusion-content-box-hover .link-area-box:hover .heading-link .icon i.circle-yes,\n\t\t\t\t\t\t.fusion-content-boxes-1 .fusion-content-box-hover .link-area-link-icon-hover .heading .icon i.circle-yes,\n\t\t\t\t\t\t.fusion-content-boxes-1 .fusion-content-box-hover .link-area-box-hover .heading .icon i.circle-yes {\n\t\t\t\t\t\t\tbackground-color: #00afd9 !important;\n\t\t\t\t\t\t\tborder-color: #00afd9 !important;\n\t\t\t\t\t\t}<\/style><div class=\"fusion-clearfix\"><\/div><\/div><div class=\"fusion-clearfix\"><\/div><\/div><\/div><\/div><\/div>\n","protected":false},"excerpt":{"rendered":"","protected":false},"author":2,"featured_media":0,"parent":155,"menu_order":10,"comment_status":"closed","ping_status":"closed","template":"","meta":[],"yoast_head":"<!-- This site is optimized with the Yoast SEO plugin v16.5 - https:\/\/yoast.com\/wordpress\/plugins\/seo\/ -->\n<title>Support technique - Progi<\/title>\n<meta name=\"description\" content=\"Comptez sur un service hors pair de notre \u00e9quipe de techniciens et de programmeurs. Appelez-nous au 1 877 776-3198 et nous vous donnerons un coup de pouce!\" \/>\n<meta name=\"robots\" content=\"index, follow, max-snippet:-1, max-image-preview:large, max-video-preview:-1\" \/>\n<link rel=\"canonical\" href=\"https:\/\/progi.com\/fr\/nous-joindre\/support-technique\/\" \/>\n<meta property=\"og:locale\" content=\"fr_CA\" \/>\n<meta property=\"og:type\" content=\"article\" \/>\n<meta property=\"og:title\" content=\"Support technique - Progi\" \/>\n<meta property=\"og:description\" content=\"Comptez sur un service hors pair de notre \u00e9quipe de techniciens et de programmeurs. Appelez-nous au 1 877 776-3198 et nous vous donnerons un coup de pouce!\" \/>\n<meta property=\"og:url\" content=\"https:\/\/progi.com\/fr\/nous-joindre\/support-technique\/\" \/>\n<meta property=\"og:site_name\" content=\"Progi\" \/>\n<meta property=\"article:modified_time\" content=\"2021-09-16T12:24:41+00:00\" \/>\n<meta property=\"og:image\" content=\"https:\/\/progi.com\/wp-content\/uploads\/2018\/02\/towing.png\" \/>\n<meta name=\"twitter:card\" content=\"summary_large_image\" \/>\n<meta name=\"twitter:label1\" content=\"Estimation du temps de lecture\" \/>\n\t<meta name=\"twitter:data1\" content=\"4 minutes\" \/>\n<script type=\"application\/ld+json\" class=\"yoast-schema-graph\">{\"@context\":\"https:\/\/schema.org\",\"@graph\":[{\"@type\":\"WebSite\",\"@id\":\"https:\/\/progi.com\/en\/#website\",\"url\":\"https:\/\/progi.com\/en\/\",\"name\":\"Progi\",\"description\":\"Solutions digitales pour l&#039;assurance et l&#039;auto\",\"potentialAction\":[{\"@type\":\"SearchAction\",\"target\":\"https:\/\/progi.com\/en\/?s={search_term_string}\",\"query-input\":\"required name=search_term_string\"}],\"inLanguage\":\"fr-CA\"},{\"@type\":\"ImageObject\",\"@id\":\"https:\/\/progi.com\/fr\/nous-joindre\/support-technique\/#primaryimage\",\"inLanguage\":\"fr-CA\",\"url\":\"https:\/\/progi.com\/wp-content\/uploads\/2018\/02\/towing.png\",\"contentUrl\":\"https:\/\/progi.com\/wp-content\/uploads\/2018\/02\/towing.png\",\"width\":241,\"height\":69},{\"@type\":\"WebPage\",\"@id\":\"https:\/\/progi.com\/fr\/nous-joindre\/support-technique\/#webpage\",\"url\":\"https:\/\/progi.com\/fr\/nous-joindre\/support-technique\/\",\"name\":\"Support technique - Progi\",\"isPartOf\":{\"@id\":\"https:\/\/progi.com\/en\/#website\"},\"primaryImageOfPage\":{\"@id\":\"https:\/\/progi.com\/fr\/nous-joindre\/support-technique\/#primaryimage\"},\"datePublished\":\"2011-03-04T23:30:03+00:00\",\"dateModified\":\"2021-09-16T12:24:41+00:00\",\"description\":\"Comptez sur un service hors pair de notre \\u00e9quipe de techniciens et de programmeurs. Appelez-nous au 1 877 776-3198 et nous vous donnerons un coup de pouce!\",\"breadcrumb\":{\"@id\":\"https:\/\/progi.com\/fr\/nous-joindre\/support-technique\/#breadcrumb\"},\"inLanguage\":\"fr-CA\",\"potentialAction\":[{\"@type\":\"ReadAction\",\"target\":[\"https:\/\/progi.com\/fr\/nous-joindre\/support-technique\/\"]}]},{\"@type\":\"BreadcrumbList\",\"@id\":\"https:\/\/progi.com\/fr\/nous-joindre\/support-technique\/#breadcrumb\",\"itemListElement\":[{\"@type\":\"ListItem\",\"position\":1,\"name\":\"Home\",\"item\":\"https:\/\/progi.com\/fr\/\"},{\"@type\":\"ListItem\",\"position\":2,\"name\":\"Nous joindre\",\"item\":\"https:\/\/progi.com\/fr\/nous-joindre\/\"},{\"@type\":\"ListItem\",\"position\":3,\"name\":\"Support technique\"}]}]}<\/script>\n<!-- \/ Yoast SEO plugin. -->","_links":{"self":[{"href":"https:\/\/progi.com\/fr\/wp-json\/wp\/v2\/pages\/152"}],"collection":[{"href":"https:\/\/progi.com\/fr\/wp-json\/wp\/v2\/pages"}],"about":[{"href":"https:\/\/progi.com\/fr\/wp-json\/wp\/v2\/types\/page"}],"author":[{"embeddable":true,"href":"https:\/\/progi.com\/fr\/wp-json\/wp\/v2\/users\/2"}],"replies":[{"embeddable":true,"href":"https:\/\/progi.com\/fr\/wp-json\/wp\/v2\/comments?post=152"}],"version-history":[{"count":17,"href":"https:\/\/progi.com\/fr\/wp-json\/wp\/v2\/pages\/152\/revisions"}],"predecessor-version":[{"id":10574,"href":"https:\/\/progi.com\/fr\/wp-json\/wp\/v2\/pages\/152\/revisions\/10574"}],"up":[{"embeddable":true,"href":"https:\/\/progi.com\/fr\/wp-json\/wp\/v2\/pages\/155"}],"wp:attachment":[{"href":"https:\/\/progi.com\/fr\/wp-json\/wp\/v2\/media?parent=152"}],"curies":[{"name":"wp","href":"https:\/\/api.w.org\/{rel}","templated":true}]}}