{"id":10980,"date":"2022-02-15T11:40:17","date_gmt":"2022-02-15T15:40:17","guid":{"rendered":"https:\/\/progi.com\/produits\/progipix\/progipix-encan-dautos\/processus-dinscription-progipix-encan-dautos\/"},"modified":"2023-07-05T10:25:12","modified_gmt":"2023-07-05T14:25:12","slug":"processus-dinscription-progipix-encan-dautos","status":"publish","type":"page","link":"https:\/\/progi.com\/fr\/produits\/progipix\/progipix-encan-dautos\/processus-dinscription-progipix-encan-dautos\/","title":{"rendered":"Processus d&rsquo;inscription &#8211; ProgiPix encan d&rsquo;autos"},"content":{"rendered":"<p><div class=\"fusion-fullwidth fullwidth-box fusion-builder-row-1 fusion-flex-container nonhundred-percent-fullwidth non-hundred-percent-height-scrolling\" style=\"background-color: rgba(255,255,255,0);background-image:linear-gradient(180deg, #711d8e 0%,#3e104e 100%);background-position: center center;background-repeat: no-repeat;border-width: 0px 0px 0px 0px;border-color:#eae9e9;border-style:solid;\" ><div class=\"fusion-builder-row fusion-row fusion-flex-align-items-flex-start\" style=\"max-width:104%;margin-left: calc(-4% \/ 2 );margin-right: calc(-4% \/ 2 );\"><div class=\"fusion-layout-column fusion_builder_column fusion-builder-column-0 fusion_builder_column_1_1 1_1 fusion-flex-column\"><div class=\"fusion-column-wrapper fusion-flex-justify-content-flex-start fusion-content-layout-column\" style=\"background-position:left top;background-repeat:no-repeat;-webkit-background-size:cover;-moz-background-size:cover;-o-background-size:cover;background-size:cover;padding: 0px 0px 0px 0px;\"><style type=\"text\/css\">@media only screen and (max-width:1024px) {.fusion-title.fusion-title-1{margin-top:0px!important; margin-right:0px!important;margin-bottom:31px!important;margin-left:0px!important;}}@media only screen and (max-width:640px) {.fusion-title.fusion-title-1{margin-top:0px!important; margin-right:0px!important;margin-bottom:20px!important; margin-left:0px!important;}}<\/style><div class=\"fusion-title title fusion-title-1 fusion-sep-none fusion-title-center fusion-title-text fusion-title-size-one\" style=\"font-size:30px;margin-top:0px;margin-right:0px;margin-bottom:31px;margin-left:0px;\"><h1 class=\"title-heading-center fusion-responsive-typography-calculated\" style=\"margin:0;font-size:1em;color:#ffffff;--fontSize:30;line-height:1.4;\">Processus d&rsquo;inscription<\/h1><\/div><div class=\"fusion-text fusion-text-1\" style=\"color:#ffffff;\"><p style=\"text-align: center;\">L&rsquo;inscription se fait en 5\u00a0\u00e9tapes. Nous restons en communication avec vous tout au long du processus afin de vous simplifier la t\u00e2che. Rejoignez notre encan d\u00e8s maintenant\u2009!<\/p>\n<\/div><\/div><style type=\"text\/css\">.fusion-body .fusion-builder-column-0{width:100% !important;margin-top : 0px;margin-bottom : 20px;}.fusion-builder-column-0 > .fusion-column-wrapper {padding-top : 0px !important;padding-right : 0px !important;margin-right : 1.92%;padding-bottom : 0px !important;padding-left : 0px !important;margin-left : 1.92%;}@media only screen and (max-width:1024px) {.fusion-body .fusion-builder-column-0{width:100% !important;order : 0;}.fusion-builder-column-0 > .fusion-column-wrapper {margin-right : 1.92%;margin-left : 1.92%;}}@media only screen and (max-width:640px) {.fusion-body .fusion-builder-column-0{width:100% !important;order : 0;}.fusion-builder-column-0 > .fusion-column-wrapper {margin-right : 1.92%;margin-left : 1.92%;}}<\/style><\/div><\/div><style type=\"text\/css\">.fusion-body .fusion-flex-container.fusion-builder-row-1{ padding-top : 60px;margin-top : 0px;padding-right : 30px;padding-bottom : 30px;margin-bottom : 0px;padding-left : 30px;}<\/style><\/div><div class=\"fusion-fullwidth fullwidth-box fusion-builder-row-2 fusion-flex-container nonhundred-percent-fullwidth non-hundred-percent-height-scrolling\" style=\"background-color: #f0f3f6;background-position: center center;background-repeat: no-repeat;border-width: 0px 0px 0px 0px;border-color:#eae9e9;border-style:solid;\" ><div class=\"fusion-builder-row fusion-row fusion-flex-align-items-flex-start\" style=\"max-width:104%;margin-left: calc(-4% \/ 2 );margin-right: calc(-4% \/ 2 );\"><div class=\"fusion-layout-column fusion_builder_column fusion-builder-column-1 fusion_builder_column_1_5 1_5 fusion-flex-column\"><div class=\"fusion-column-wrapper fusion-flex-justify-content-flex-start fusion-content-layout-column\" style=\"background-position:left top;background-repeat:no-repeat;-webkit-background-size:cover;-moz-background-size:cover;-o-background-size:cover;background-size:cover;padding: 0px 0px 0px 0px;\"><\/div><style type=\"text\/css\">.fusion-body .fusion-builder-column-1{width:20% !important;margin-top : 0px;margin-bottom : 20px;}.fusion-builder-column-1 > .fusion-column-wrapper {padding-top : 0px !important;padding-right : 0px !important;margin-right : 9.6%;padding-bottom : 0px !important;padding-left : 0px !important;margin-left : 9.6%;}@media only screen and (max-width:1024px) {.fusion-body .fusion-builder-column-1{width:100% !important;order : 0;}.fusion-builder-column-1 > .fusion-column-wrapper {margin-right : 1.92%;margin-left : 1.92%;}}@media only screen and (max-width:640px) {.fusion-body .fusion-builder-column-1{width:100% !important;order : 0;}.fusion-builder-column-1 > .fusion-column-wrapper {margin-right : 1.92%;margin-left : 1.92%;}}<\/style><\/div><div class=\"fusion-layout-column fusion_builder_column fusion-builder-column-2 fusion_builder_column_3_5 3_5 fusion-flex-column\"><div class=\"fusion-column-wrapper fusion-flex-justify-content-flex-start fusion-content-layout-column\" style=\"background-position:left top;background-repeat:no-repeat;-webkit-background-size:cover;-moz-background-size:cover;-o-background-size:cover;background-size:cover;padding: 0px 0px 0px 0px;\"><div class=\"fusion-content-boxes content-boxes columns row fusion-columns-1 fusion-columns-total-5 fusion-content-boxes-1 content-boxes-timeline-vertical content-left content-boxes-timeline-layout content-boxes-icon-with-title fusion-delayed-animation\" data-animation-delay=\"350\" data-animationOffset=\"100%\" style=\"margin-top:0px;margin-bottom:30px;\"><style type=\"text\/css\">.fusion-content-boxes-1 .heading .content-box-heading {color:#212d35;}\n\t\t\t\t\t.fusion-content-boxes-1 .fusion-content-box-hover .link-area-link-icon-hover .heading .content-box-heading,\n\t\t\t\t\t.fusion-content-boxes-1 .fusion-content-box-hover .link-area-link-icon-hover .heading .heading-link .content-box-heading,\n\t\t\t\t\t.fusion-content-boxes-1 .fusion-content-box-hover .link-area-box-hover .heading .content-box-heading,\n\t\t\t\t\t.fusion-content-boxes-1 .fusion-content-box-hover .link-area-box-hover .heading .heading-link .content-box-heading,\n\t\t\t\t\t.fusion-content-boxes-1 .fusion-content-box-hover .link-area-link-icon-hover.link-area-box .fusion-read-more,\n\t\t\t\t\t.fusion-content-boxes-1 .fusion-content-box-hover .link-area-link-icon-hover.link-area-box .fusion-read-more::after,\n\t\t\t\t\t.fusion-content-boxes-1 .fusion-content-box-hover .link-area-link-icon-hover.link-area-box .fusion-read-more::before,\n\t\t\t\t\t.fusion-content-boxes-1 .fusion-content-box-hover .fusion-read-more:hover:after,\n\t\t\t\t\t.fusion-content-boxes-1 .fusion-content-box-hover .fusion-read-more:hover:before,\n\t\t\t\t\t.fusion-content-boxes-1 .fusion-content-box-hover .fusion-read-more:hover,\n\t\t\t\t\t.fusion-content-boxes-1 .fusion-content-box-hover .link-area-box-hover.link-area-box .fusion-read-more,\n\t\t\t\t\t.fusion-content-boxes-1 .fusion-content-box-hover .link-area-box-hover.link-area-box .fusion-read-more::after,\n\t\t\t\t\t.fusion-content-boxes-1 .fusion-content-box-hover .link-area-box-hover.link-area-box .fusion-read-more::before,\n\t\t\t\t\t.fusion-content-boxes-1 .fusion-content-box-hover .link-area-link-icon-hover .icon .circle-no,\n\t\t\t\t\t.fusion-content-boxes-1 .heading .heading-link:hover .content-box-heading {\n\t\t\t\t\t\tcolor: #00afd9;\n\t\t\t\t\t}\n\t\t\t\t\t.fusion-content-boxes-1 .fusion-content-box-hover .link-area-box-hover .icon .circle-no {\n\t\t\t\t\t\tcolor: #00afd9 !important;\n\t\t\t\t\t}.fusion-content-boxes-1 .fusion-content-box-hover .link-area-box.link-area-box-hover .fusion-content-box-button {background: #00afd9;color: #ffffff;}.fusion-content-boxes-1 .fusion-content-box-hover .link-area-box.link-area-box-hover .fusion-content-box-button .fusion-button-text {color: #ffffff;}\n\t\t\t\t\t.fusion-content-boxes-1 .fusion-content-box-hover .link-area-link-icon-hover .heading .icon > span {\n\t\t\t\t\t\tbackground-color: #00afd9 !important;\n\t\t\t\t\t}\n\t\t\t\t\t.fusion-content-boxes-1 .fusion-content-box-hover .link-area-box-hover .heading .icon > span {\n\t\t\t\t\t\tborder-color: #00afd9 !important;\n\t\t\t\t\t}<\/style><div class=\"fusion-column content-box-column content-box-column content-box-column-1 col-lg-12 col-md-12 col-sm-12 fusion-content-box-hover content-box-column-last-in-row\"><div class=\"col content-box-wrapper content-wrapper-background link-area-link-icon icon-hover-animation-fade fusion-animated\" style=\"background-color:#ffffff;\" data-animationType=\"fadeIn\" data-animationDuration=\"0.25\" data-animationOffset=\"100%\"><div class=\"heading heading-with-icon icon-left\" style=\"margin-top:10px;\"><div class=\"icon\" style=\"margin-top:-10px;margin-bottom:-10px;-webkit-animation-duration: 350ms;animation-duration: 350ms;\"><i style=\"border-color:#212d35;border-width:1px;background-color:#212d35;box-sizing:content-box;height:42px;width:42px;line-height:42px;border-radius:50%;color:#ffffff;font-size:21px;\" aria-hidden=\"true\" class=\"fontawesome-icon fa-arrow-right fas circle-yes\"><\/i><\/div><h2 class=\"content-box-heading\" style=\"font-size:24px;line-height:29px;\">1. Choisir le type de compte<\/h2><\/div><div class=\"fusion-clearfix\"><\/div><div class=\"content-container\" style=\"padding-left:64px;color:#212d35;\">\nVous devez d\u2019abord choisir un plan qui convient le mieux aux besoins de votre entreprise (voir la section <a href=\"https:\/\/progi.com\/fr\/produits\/progipix\/progipix-encan-dautos\/types-de-compte-progipix-encan-dauto\/\">Types de compte<\/a>). Ce choix est principalement fond\u00e9 sur\u00a0:<\/p>\n<ul>\n<li>Le type d\u2019entreprise, commer\u00e7ant ou recycleur.<\/li>\n<li>Le volume d\u2019achat, soit la limite de soumission.<\/li>\n<li>Le co\u00fbt annuel d\u2019abonnement.<\/li>\n<li>L\u2019acc\u00e8s \u00e0 plusieurs utilisateurs (multicomptes).<\/li>\n<\/ul>\n<\/div><div class=\"content-box-shortcode-timeline-vertical\" style=\"border-color:#212d35;left:71px;top:56px;-webkit-transition-duration: 350ms;animation-duration: 350ms;\"><\/div><\/div><\/div><div class=\"fusion-column content-box-column content-box-column content-box-column-2 col-lg-12 col-md-12 col-sm-12 fusion-content-box-hover content-box-column-last-in-row\"><div class=\"col content-box-wrapper content-wrapper-background link-area-link-icon icon-hover-animation-fade fusion-animated\" style=\"background-color:#ffffff;\" data-animationType=\"fadeIn\" data-animationDuration=\"0.25\" data-animationOffset=\"100%\"><div class=\"heading heading-with-icon icon-left\" style=\"margin-top:10px;\"><div class=\"icon\" style=\"margin-top:-10px;margin-bottom:-10px;-webkit-animation-duration: 350ms;animation-duration: 350ms;\"><i style=\"border-color:#212d35;border-width:1px;background-color:#212d35;box-sizing:content-box;height:42px;width:42px;line-height:42px;border-radius:50%;color:#ffffff;font-size:21px;\" aria-hidden=\"true\" class=\"fontawesome-icon fa-arrow-right fas circle-yes\"><\/i><\/div><h2 class=\"content-box-heading\" style=\"font-size:24px;line-height:29px;\">2. Remplir le formulaire<\/h2><\/div><div class=\"fusion-clearfix\"><\/div><div class=\"content-container\" style=\"padding-left:64px;color:#212d35;\">\n<p>Les informations que vous devez fournir pour le formulaire d&rsquo;inscription en ligne sont les suivantes :<\/p>\n<ul>\n<li>Type de compte (voir la section <a href=\"https:\/\/progi.com\/fr\/produits\/progipix\/progipix-encan-dautos\/types-de-compte-progipix-encan-dauto\/\">Types de compte<\/a>).<\/li>\n<li>Informations sur le gestionnaire de la compagnie.<\/li>\n<li>Identification et coordonn\u00e9es de l\u2019entreprise.<\/li>\n<li>Preuve de licence d\u2019exploitation parmi les suivantes\u00a0:\n<ul>\n<li>Permis de recycleur de v\u00e9hicules routiers.<\/li>\n<li>Permis de commer\u00e7ant de v\u00e9hicules routiers.<\/li>\n<li>Immatriculation au Registraire des entreprises.<\/li>\n<\/ul>\n<\/li>\n<li>Num\u00e9ros d\u2019inscription aux taxes de vente provinciale et f\u00e9d\u00e9rale.<\/li>\n<li>R\u00e9f\u00e9rence d\u2019un recycleur, s\u2019il y a lieu.<\/li>\n<li>Besoin de services de transport, par province.<\/li>\n<li>Profil d\u2019acheteur, soit le volume et la fr\u00e9quence d\u2019achat de v\u00e9hicules.<\/li>\n<\/ul>\n<\/div><div class=\"content-box-shortcode-timeline-vertical\" style=\"border-color:#212d35;left:71px;top:56px;-webkit-transition-duration: 350ms;animation-duration: 350ms;\"><\/div><\/div><\/div><div class=\"fusion-column content-box-column content-box-column content-box-column-3 col-lg-12 col-md-12 col-sm-12 fusion-content-box-hover content-box-column-last-in-row\"><div class=\"col content-box-wrapper content-wrapper-background link-area-link-icon icon-hover-animation-fade fusion-animated\" style=\"background-color:#ffffff;\" data-animationType=\"fadeIn\" data-animationDuration=\"0.25\" data-animationOffset=\"100%\"><div class=\"heading heading-with-icon icon-left\" style=\"margin-top:10px;\"><div class=\"icon\" style=\"margin-top:-10px;margin-bottom:-10px;-webkit-animation-duration: 350ms;animation-duration: 350ms;\"><i style=\"border-color:#212d35;border-width:1px;background-color:#212d35;box-sizing:content-box;height:42px;width:42px;line-height:42px;border-radius:50%;color:#ffffff;font-size:21px;\" aria-hidden=\"true\" class=\"fontawesome-icon fa-arrow-right fas circle-yes\"><\/i><\/div><h2 class=\"content-box-heading\" style=\"font-size:24px;line-height:29px;\">3. Documents requis<\/h2><\/div><div class=\"fusion-clearfix\"><\/div><div class=\"content-container\" style=\"padding-left:64px;color:#212d35;\"><span data-contrast=\"auto\">Selon le type de compte choisi, vous aurez des informations compl\u00e9mentaires \u00e0 fournir \u00e0 notre \u00e9quipe \u00e0 l\u2019adresse suivante\u00a0: <a href=\"mailto:inscriptionpix@progi.com\">inscriptionpix@progi.com<\/a><\/span><\/p>\n<ol>\n<li data-leveltext=\"\uf0b7\" data-font=\"Symbol\" data-listid=\"3\" aria-setsize=\"-1\" data-aria-posinset=\"1\" data-aria-level=\"1\"><span data-contrast=\"auto\"><strong>Compte Entreprise et Premium <\/strong>: vous devrez fournir un document comme preuve de votre licence d&rsquo;exploitation.<\/span><\/li>\n<li data-leveltext=\"\uf0b7\" data-font=\"Symbol\" data-listid=\"3\" aria-setsize=\"-1\" data-aria-posinset=\"2\" data-aria-level=\"1\"><span data-contrast=\"auto\"><strong>Compte Premium seulement <\/strong>: nous demandons de remplir et de nous retourner le formulaire de consentement d\u2019enqu\u00eate de cr\u00e9dit. Ceci a pour but de garantir votre solvabilit\u00e9 en cas de soumissions atteignant le maximum pr\u00e9vu.<\/span><\/li>\n<li data-leveltext=\"\uf0b7\" data-font=\"Symbol\" data-listid=\"3\" aria-setsize=\"-1\" data-aria-posinset=\"3\" data-aria-level=\"1\"><span data-contrast=\"auto\"><strong>Compte recycleur <\/strong>: notre personnel communiquera avec vous.<\/span><\/li>\n<\/ol>\n<\/div><div class=\"content-box-shortcode-timeline-vertical\" style=\"border-color:#212d35;left:71px;top:56px;-webkit-transition-duration: 350ms;animation-duration: 350ms;\"><\/div><\/div><\/div><div class=\"fusion-column content-box-column content-box-column content-box-column-4 col-lg-12 col-md-12 col-sm-12 fusion-content-box-hover content-box-column-last-in-row\"><div class=\"col content-box-wrapper content-wrapper-background link-area-link-icon icon-hover-animation-fade fusion-animated\" style=\"background-color:#ffffff;\" data-animationType=\"fadeIn\" data-animationDuration=\"0.25\" data-animationOffset=\"100%\"><div class=\"heading heading-with-icon icon-left\" style=\"margin-top:10px;\"><div class=\"icon\" style=\"margin-top:-10px;margin-bottom:-10px;-webkit-animation-duration: 350ms;animation-duration: 350ms;\"><i style=\"border-color:#212d35;border-width:1px;background-color:#212d35;box-sizing:content-box;height:42px;width:42px;line-height:42px;border-radius:50%;color:#ffffff;font-size:21px;\" aria-hidden=\"true\" class=\"fontawesome-icon fa-arrow-right fas circle-yes\"><\/i><\/div><h2 class=\"content-box-heading\" style=\"font-size:24px;line-height:29px;\">4. Paiement des frais d\u2019abonnement<\/h2><\/div><div class=\"fusion-clearfix\"><\/div><div class=\"content-container\" style=\"padding-left:64px;color:#212d35;\">\n<p>Une fois que notre \u00e9quipe aura toutes vos informations en main, nous vous enverrons par courriel la facture des frais d\u2019inscription annuels. Vous pourrez alors effectuer le paiement par l\u2019entremise de votre institution bancaire.<\/p>\n<p>Vous devez effectuer le virement aupr\u00e8s d\u2019une institution qui op\u00e8re sur le territoire canadien telle que\u00a0:<\/p>\n<ul>\n<li>Caisses Desjardins<\/li>\n<li>Banque National du Canada<\/li>\n<\/ul>\n<\/div><div class=\"content-box-shortcode-timeline-vertical\" style=\"border-color:#212d35;left:71px;top:56px;-webkit-transition-duration: 350ms;animation-duration: 350ms;\"><\/div><\/div><\/div><div class=\"fusion-column content-box-column content-box-column content-box-column-5 col-lg-12 col-md-12 col-sm-12 fusion-content-box-hover content-box-column-last content-box-column-last-in-row\"><div class=\"col content-box-wrapper content-wrapper-background link-area-link-icon icon-hover-animation-fade fusion-animated\" style=\"background-color:#ffffff;\" data-animationType=\"fadeIn\" data-animationDuration=\"0.25\" data-animationOffset=\"100%\"><div class=\"heading heading-with-icon icon-left\" style=\"margin-top:10px;\"><div class=\"icon\" style=\"margin-top:-10px;margin-bottom:-10px;-webkit-animation-duration: 350ms;animation-duration: 350ms;\"><i style=\"border-color:#212d35;border-width:1px;background-color:#212d35;box-sizing:content-box;height:42px;width:42px;line-height:42px;border-radius:50%;color:#ffffff;font-size:21px;\" aria-hidden=\"true\" class=\"fontawesome-icon fa-arrow-right fas circle-yes\"><\/i><\/div><h2 class=\"content-box-heading\" style=\"font-size:24px;line-height:29px;\">5. V\u00e9rification de votre demande<\/h2><\/div><div class=\"fusion-clearfix\"><\/div><div class=\"content-container\" style=\"padding-left:64px;color:#212d35;\">\n<p>Une fois votre paiement effectu\u00e9, notre \u00e9quipe proc\u00e9dera \u00e0 la v\u00e9rification de votre demande. Nous confirmerons votre inscription par courriel dans un d\u00e9lai de 48 h suivant la r\u00e9ception de votre paiement. Nous ferons \u00e9galement un suivi avec vous si la demande est refus\u00e9e, quelle que soit la raison du refus.<\/p>\n<\/div><div class=\"content-box-shortcode-timeline-vertical\" style=\"border-color:#212d35;left:71px;top:56px;-webkit-transition-duration: 350ms;animation-duration: 350ms;\"><\/div><\/div><\/div><style type=\"text\/css\">\n\t\t\t\t\t\t.fusion-content-boxes-1 .fusion-content-box-hover .heading-link:hover .icon i.circle-yes,\n\t\t\t\t\t\t.fusion-content-boxes-1 .fusion-content-box-hover .link-area-box:hover .heading-link .icon i.circle-yes,\n\t\t\t\t\t\t.fusion-content-boxes-1 .fusion-content-box-hover .link-area-link-icon-hover .heading .icon i.circle-yes,\n\t\t\t\t\t\t.fusion-content-boxes-1 .fusion-content-box-hover .link-area-box-hover .heading .icon i.circle-yes {\n\t\t\t\t\t\t\tbackground-color: #00afd9 !important;\n\t\t\t\t\t\t\tborder-color: #00afd9 !important;\n\t\t\t\t\t\t}<\/style><div class=\"fusion-clearfix\"><\/div><\/div><div class=\"fusion-text fusion-text-2\" style=\"font-size:20px;\"><p><strong>C\u2019est avec plaisir que nous vous accompagnerons dans ces \u00e9tapes et que nous vous accueillerons dans notre grand r\u00e9seau automobile qu\u2019est l\u2019encan ProgiPix\u2009!<\/strong><\/p>\n<\/div><div style=\"text-align:center;\"><style type=\"text\/css\">.fusion-button.button-1 {border-radius:4px;}<\/style><a class=\"fusion-button button-flat button-large button-default button-1 fusion-button-span-yes fusion-button-default-type\" target=\"_self\" href=\"https:\/\/progi.com\/fr\/produits\/progipix\/progipix-encan-dautos\/types-de-compte-progipix-encan-dauto\/\"><span class=\"fusion-button-text\">Voir les plans<\/span><i class=\"fa-angle-right fas button-icon-right\" aria-hidden=\"true\"><\/i><\/a><\/div><\/div><style type=\"text\/css\">.fusion-body .fusion-builder-column-2{width:60% !important;margin-top : 0px;margin-bottom : 20px;}.fusion-builder-column-2 > .fusion-column-wrapper {padding-top : 0px !important;padding-right : 0px !important;margin-right : 3.2%;padding-bottom : 0px !important;padding-left : 0px !important;margin-left : 3.2%;}@media only screen and (max-width:1024px) {.fusion-body .fusion-builder-column-2{width:100% !important;order : 0;}.fusion-builder-column-2 > .fusion-column-wrapper {margin-right : 1.92%;margin-left : 1.92%;}}@media only screen and (max-width:640px) {.fusion-body .fusion-builder-column-2{width:100% !important;order : 0;}.fusion-builder-column-2 > .fusion-column-wrapper {margin-right : 1.92%;margin-left : 1.92%;}}<\/style><\/div><\/div><style type=\"text\/css\">.fusion-body .fusion-flex-container.fusion-builder-row-2{ padding-top : 30px;margin-top : 0px;padding-right : 30px;padding-bottom : 60px;margin-bottom : 0px;padding-left : 30px;}<\/style><\/div><\/p>\n","protected":false},"excerpt":{"rendered":"","protected":false},"author":2,"featured_media":0,"parent":10971,"menu_order":0,"comment_status":"closed","ping_status":"closed","template":"","meta":[],"yoast_head":"<!-- This site is optimized with the Yoast SEO plugin v16.5 - https:\/\/yoast.com\/wordpress\/plugins\/seo\/ -->\n<title>Processus d&#039;inscription - ProgiPix encan d&#039;autos - Progi<\/title>\n<meta name=\"robots\" content=\"index, follow, max-snippet:-1, max-image-preview:large, max-video-preview:-1\" \/>\n<link rel=\"canonical\" href=\"https:\/\/progi.com\/fr\/produits\/progipix\/progipix-encan-dautos\/processus-dinscription-progipix-encan-dautos\/\" \/>\n<meta property=\"og:locale\" content=\"fr_CA\" \/>\n<meta property=\"og:type\" content=\"article\" \/>\n<meta property=\"og:title\" content=\"Processus d&#039;inscription - ProgiPix encan d&#039;autos - Progi\" \/>\n<meta property=\"og:url\" content=\"https:\/\/progi.com\/fr\/produits\/progipix\/progipix-encan-dautos\/processus-dinscription-progipix-encan-dautos\/\" \/>\n<meta property=\"og:site_name\" content=\"Progi\" \/>\n<meta property=\"article:modified_time\" content=\"2023-07-05T14:25:12+00:00\" \/>\n<meta name=\"twitter:card\" content=\"summary_large_image\" \/>\n<meta name=\"twitter:label1\" content=\"Estimation du temps de lecture\" \/>\n\t<meta name=\"twitter:data1\" content=\"12 minutes\" \/>\n<script type=\"application\/ld+json\" class=\"yoast-schema-graph\">{\"@context\":\"https:\/\/schema.org\",\"@graph\":[{\"@type\":\"WebSite\",\"@id\":\"https:\/\/progi.com\/en\/#website\",\"url\":\"https:\/\/progi.com\/en\/\",\"name\":\"Progi\",\"description\":\"Solutions digitales pour l&#039;assurance et l&#039;auto\",\"potentialAction\":[{\"@type\":\"SearchAction\",\"target\":\"https:\/\/progi.com\/en\/?s={search_term_string}\",\"query-input\":\"required name=search_term_string\"}],\"inLanguage\":\"fr-CA\"},{\"@type\":\"WebPage\",\"@id\":\"https:\/\/progi.com\/fr\/produits\/progipix\/progipix-encan-dautos\/processus-dinscription-progipix-encan-dautos\/#webpage\",\"url\":\"https:\/\/progi.com\/fr\/produits\/progipix\/progipix-encan-dautos\/processus-dinscription-progipix-encan-dautos\/\",\"name\":\"Processus d'inscription - ProgiPix encan d'autos - Progi\",\"isPartOf\":{\"@id\":\"https:\/\/progi.com\/en\/#website\"},\"datePublished\":\"2022-02-15T15:40:17+00:00\",\"dateModified\":\"2023-07-05T14:25:12+00:00\",\"breadcrumb\":{\"@id\":\"https:\/\/progi.com\/fr\/produits\/progipix\/progipix-encan-dautos\/processus-dinscription-progipix-encan-dautos\/#breadcrumb\"},\"inLanguage\":\"fr-CA\",\"potentialAction\":[{\"@type\":\"ReadAction\",\"target\":[\"https:\/\/progi.com\/fr\/produits\/progipix\/progipix-encan-dautos\/processus-dinscription-progipix-encan-dautos\/\"]}]},{\"@type\":\"BreadcrumbList\",\"@id\":\"https:\/\/progi.com\/fr\/produits\/progipix\/progipix-encan-dautos\/processus-dinscription-progipix-encan-dautos\/#breadcrumb\",\"itemListElement\":[{\"@type\":\"ListItem\",\"position\":1,\"name\":\"Home\",\"item\":\"https:\/\/progi.com\/fr\/\"},{\"@type\":\"ListItem\",\"position\":2,\"name\":\"Produits\",\"item\":\"https:\/\/progi.com\/fr\/produits\/\"},{\"@type\":\"ListItem\",\"position\":3,\"name\":\"ProgiPix\",\"item\":\"https:\/\/progi.com\/fr\/produits\/progipix\/\"},{\"@type\":\"ListItem\",\"position\":4,\"name\":\"ProgiPix encan d&#8217;autos\",\"item\":\"https:\/\/progi.com\/fr\/produits\/progipix\/progipix-encan-dautos\/\"},{\"@type\":\"ListItem\",\"position\":5,\"name\":\"Processus d&#8217;inscription &#8211; ProgiPix encan d&#8217;autos\"}]}]}<\/script>\n<!-- \/ Yoast SEO plugin. -->","_links":{"self":[{"href":"https:\/\/progi.com\/fr\/wp-json\/wp\/v2\/pages\/10980"}],"collection":[{"href":"https:\/\/progi.com\/fr\/wp-json\/wp\/v2\/pages"}],"about":[{"href":"https:\/\/progi.com\/fr\/wp-json\/wp\/v2\/types\/page"}],"author":[{"embeddable":true,"href":"https:\/\/progi.com\/fr\/wp-json\/wp\/v2\/users\/2"}],"replies":[{"embeddable":true,"href":"https:\/\/progi.com\/fr\/wp-json\/wp\/v2\/comments?post=10980"}],"version-history":[{"count":17,"href":"https:\/\/progi.com\/fr\/wp-json\/wp\/v2\/pages\/10980\/revisions"}],"predecessor-version":[{"id":12434,"href":"https:\/\/progi.com\/fr\/wp-json\/wp\/v2\/pages\/10980\/revisions\/12434"}],"up":[{"embeddable":true,"href":"https:\/\/progi.com\/fr\/wp-json\/wp\/v2\/pages\/10971"}],"wp:attachment":[{"href":"https:\/\/progi.com\/fr\/wp-json\/wp\/v2\/media?parent=10980"}],"curies":[{"name":"wp","href":"https:\/\/api.w.org\/{rel}","templated":true}]}}